{"id":97,"date":"2015-03-13T17:22:34","date_gmt":"2015-03-13T16:22:34","guid":{"rendered":"http:\/\/press.hkknos.org\/?page_id=97"},"modified":"2016-06-29T10:57:10","modified_gmt":"2016-06-29T08:57:10","slug":"orte","status":"publish","type":"page","link":"https:\/\/hkknos.eu\/pl\/orte\/","title":{"rendered":"Miejscowo\u015bci powiatu prudnickiego"},"content":{"rendered":"<p>Powiat prudnicki w swoich historycznych granicach z trzema miastami: <a href=\"http:\/\/testpress.hkknos.org\/neustadt\/\">Prudnik<\/a>, <a href=\"http:\/\/testpress.hkknos.org\/oberglogau\/\">G\u0142og\u00f3wek<\/a> i <a href=\"http:\/\/testpress.hkknos.org\/zuelz\/\">Bia\u0142a<\/a> liczy\u0142 97 miejscowo\u015bci.<\/p>\n<p>Do najwi\u0119kszych wsi w oko\u0142o 1940 r. nale\u017ca\u0142y gminy: Rac\u0142awice \u015al\u0105skie z 3194 mieszka\u0144cami, \u0141\u0105ka Prudnicka z 2121 mieszka\u0144cami, Szybowice licz\u0105ce 2070 mieszka\u0144c\u00f3w, Walce &#8211; 1897, Moszczanka &#8211; 1894, Strzeleczki &#8211; 1875, Przech\u00f3d &#8211; 1675, \u015acinawa &#8211; 1593, Rudziczka &#8211; 1462, Zielina &#8211; 1449, Biedrzychowice &#8211; 1446, Trzebina &#8211; 1370, Pog\u00f3rze &#8211; 1286, \u0141\u0105cznik &#8211; 1262, Lubrza &#8211; 1241, Dziedzice &#8211; 1154, Niemys\u0142owice &#8211; 1102, K\u00f3rnica &#8211; 1077, Rac\u0142awiczki &#8211; 1072, Chrzelice &#8211; 1049 oraz Stebl\u00f3w 1034 mieszka\u0144c\u00f3w.<\/p>\n<p>W poni\u017cszych punktach przedstawiono histori\u0119 trzech miast powiatu. Oczywi\u015bcie wi\u0119kszo\u015b\u0107 wsi posiada d\u0142ug\u0105, bogat\u0105 i bardzo interesuj\u0105c\u0105 histori\u0119. Jej przekazanie, nawet je\u015bli powierzchowne, nie zmie\u015bci\u0142oby si\u0119 jednak na naszej stronie internetowej.<\/p>\n<p>Z wielu wsi powiatu Komisja Historyczna posiada wy\u015bmienicie opracowane kroniki. Dla niekt\u00f3rych wsi, kt\u00f3rych historia nie stanowi\u0142a dotychczas przedmiotu prac naukowych, Komisja Historyczna stale takie kroniki opracowuje.<\/p>","protected":false},"excerpt":{"rendered":"<p>Powiat prudnicki w swoich historycznych granicach z trzema miastami: Prudnik, G\u0142og\u00f3wek i Bia\u0142a liczy\u0142 97 miejscowo\u015bci. Do najwi\u0119kszych wsi w oko\u0142o 1940 r. nale\u017ca\u0142y gminy: Rac\u0142awice \u015al\u0105skie z 3194 mieszka\u0144cami, \u0141\u0105ka Prudnicka z 2121 mieszka\u0144cami, Szybowice licz\u0105ce 2070 mieszka\u0144c\u00f3w, Walce &#8211; 1897, Moszczanka &#8211; 1894, Strzeleczki &#8211; 1875, Przech\u00f3d &#8211; 1675, \u015acinawa &#8211; 1593, Rudziczka &hellip; <a href=\"https:\/\/hkknos.eu\/pl\/orte\/\" class=\"more-link\">Czytaj dalej <span class=\"screen-reader-text\">Miejscowo\u015bci powiatu prudnickiego<\/span><\/a><\/p>\n","protected":false},"author":2,"featured_media":0,"parent":0,"menu_order":0,"comment_status":"closed","ping_status":"open","template":"","meta":{"footnotes":""},"class_list":["post-97","page","type-page","status-publish","hentry"],"_links":{"self":[{"href":"https:\/\/hkknos.eu\/pl\/wp-json\/wp\/v2\/pages\/97","targetHints":{"allow":["GET"]}}],"collection":[{"href":"https:\/\/hkknos.eu\/pl\/wp-json\/wp\/v2\/pages"}],"about":[{"href":"https:\/\/hkknos.eu\/pl\/wp-json\/wp\/v2\/types\/page"}],"author":[{"embeddable":true,"href":"https:\/\/hkknos.eu\/pl\/wp-json\/wp\/v2\/users\/2"}],"replies":[{"embeddable":true,"href":"https:\/\/hkknos.eu\/pl\/wp-json\/wp\/v2\/comments?post=97"}],"version-history":[{"count":7,"href":"https:\/\/hkknos.eu\/pl\/wp-json\/wp\/v2\/pages\/97\/revisions"}],"predecessor-version":[{"id":510,"href":"https:\/\/hkknos.eu\/pl\/wp-json\/wp\/v2\/pages\/97\/revisions\/510"}],"wp:attachment":[{"href":"https:\/\/hkknos.eu\/pl\/wp-json\/wp\/v2\/media?parent=97"}],"curies":[{"name":"wp","href":"https:\/\/api.w.org\/{rel}","templated":true}]}}