{"id":55,"date":"2015-02-26T12:28:30","date_gmt":"2015-02-26T11:28:30","guid":{"rendered":"http:\/\/press.hkknos.org\/?page_id=55"},"modified":"2016-10-16T10:43:08","modified_gmt":"2016-10-16T08:43:08","slug":"willkommen","status":"publish","type":"page","link":"https:\/\/hkknos.eu\/pl\/willkommen\/","title":{"rendered":"Witamy"},"content":{"rendered":"<p>&#8230;na stronie internetowej<\/p>\n<p><a href=\"http:\/\/hkknos.eu\/die-historische-kommission\/\">Komisja Historyczna Powiatu Prudnickiego<\/a><\/p>\n<p>Jeste\u015b historykiem lub mi\u0142o\u015bnikiem historii, a mo\u017ce pasjonujesz si\u0119 poszukiwaniem informacji o swoich przodkach? Poszukujesz informacji dotycz\u0105cych historii G\u00f3rnego \u015al\u0105ska lub opisuj\u0105cych Twoich przodk\u00f3w zamieszkuj\u0105cych niegdy\u015b tereny Prudnika, G\u0142og\u00f3wka lub Bia\u0142ej? Na naszych stronach znajdziesz informacje o tym, czym si\u0119 zajmujemy, informacje o Komisji Historycznej, jak r\u00f3wnie\u017c o powiecie prudnickim, okolicznych miejscowo\u015bciach i ich historii. Mamy nadziej\u0119, \u017ce pomo\u017cemy Ci w Twojej pracy badawczej. \u017byczymy mi\u0142ej i interesuj\u0105cej lektury.<\/p>\n<p><a href=\"http:\/\/hkknos.eu\/wp-content\/uploads\/2015\/02\/KreisNeustadt-OS.jpg\"><img loading=\"lazy\" decoding=\"async\" class=\"wp-image-5 size-full\" src=\"http:\/\/hkknos.eu\/wp-content\/uploads\/2015\/02\/KreisNeustadt-OS.jpg\" alt=\"KreisNeustadt-OS\" width=\"2646\" height=\"2154\" srcset=\"https:\/\/hkknos.eu\/wp-content\/uploads\/2015\/02\/KreisNeustadt-OS.jpg 2646w, https:\/\/hkknos.eu\/wp-content\/uploads\/2015\/02\/KreisNeustadt-OS-300x244.jpg 300w, https:\/\/hkknos.eu\/wp-content\/uploads\/2015\/02\/KreisNeustadt-OS-1024x834.jpg 1024w\" sizes=\"auto, (max-width: 2646px) 100vw, 2646px\" \/><\/a><\/p>\n<p>Mapa powiatu prudnickiego na G\u00f3rnym \u015al\u0105sku z 1910 r.<\/p>","protected":false},"excerpt":{"rendered":"<p>&#8230;na stronie internetowej Komisja Historyczna Powiatu Prudnickiego Jeste\u015b historykiem lub mi\u0142o\u015bnikiem historii, a mo\u017ce pasjonujesz si\u0119 poszukiwaniem informacji o swoich przodkach? Poszukujesz informacji dotycz\u0105cych historii G\u00f3rnego \u015al\u0105ska lub opisuj\u0105cych Twoich przodk\u00f3w zamieszkuj\u0105cych niegdy\u015b tereny Prudnika, G\u0142og\u00f3wka lub Bia\u0142ej? Na naszych stronach znajdziesz informacje o tym, czym si\u0119 zajmujemy, informacje o Komisji Historycznej, jak r\u00f3wnie\u017c o &hellip; <a href=\"https:\/\/hkknos.eu\/pl\/willkommen\/\" class=\"more-link\">Czytaj dalej <span class=\"screen-reader-text\">Witamy<\/span><\/a><\/p>\n","protected":false},"author":2,"featured_media":0,"parent":0,"menu_order":0,"comment_status":"closed","ping_status":"open","template":"","meta":{"footnotes":""},"class_list":["post-55","page","type-page","status-publish","hentry"],"_links":{"self":[{"href":"https:\/\/hkknos.eu\/pl\/wp-json\/wp\/v2\/pages\/55","targetHints":{"allow":["GET"]}}],"collection":[{"href":"https:\/\/hkknos.eu\/pl\/wp-json\/wp\/v2\/pages"}],"about":[{"href":"https:\/\/hkknos.eu\/pl\/wp-json\/wp\/v2\/types\/page"}],"author":[{"embeddable":true,"href":"https:\/\/hkknos.eu\/pl\/wp-json\/wp\/v2\/users\/2"}],"replies":[{"embeddable":true,"href":"https:\/\/hkknos.eu\/pl\/wp-json\/wp\/v2\/comments?post=55"}],"version-history":[{"count":12,"href":"https:\/\/hkknos.eu\/pl\/wp-json\/wp\/v2\/pages\/55\/revisions"}],"predecessor-version":[{"id":603,"href":"https:\/\/hkknos.eu\/pl\/wp-json\/wp\/v2\/pages\/55\/revisions\/603"}],"wp:attachment":[{"href":"https:\/\/hkknos.eu\/pl\/wp-json\/wp\/v2\/media?parent=55"}],"curies":[{"name":"wp","href":"https:\/\/api.w.org\/{rel}","templated":true}]}}