{"id":51,"date":"2015-02-26T12:20:55","date_gmt":"2015-02-26T11:20:55","guid":{"rendered":"http:\/\/press.hkknos.org\/?page_id=51"},"modified":"2019-10-01T08:05:18","modified_gmt":"2019-10-01T06:05:18","slug":"kreis-neustadtos","status":"publish","type":"page","link":"https:\/\/hkknos.eu\/pl\/kreis-neustadtos\/","title":{"rendered":"Powiat prudnicki"},"content":{"rendered":"<p><a href=\"http:\/\/press.hkknos.org\/wp-content\/uploads\/2015\/02\/200px-POL_Prudnik_COA.svg_.png\"><img loading=\"lazy\" decoding=\"async\" class=\" alignright wp-image-94 size-medium\" src=\"http:\/\/press.hkknos.org\/wp-content\/uploads\/2015\/02\/200px-POL_Prudnik_COA.svg_-199x300.png\" alt=\"200px-POL_Prudnik_COA.svg\" width=\"199\" height=\"300\" srcset=\"https:\/\/hkknos.eu\/wp-content\/uploads\/2015\/02\/200px-POL_Prudnik_COA.svg_-199x300.png 199w, https:\/\/hkknos.eu\/wp-content\/uploads\/2015\/02\/200px-POL_Prudnik_COA.svg_.png 200w\" sizes=\"auto, (max-width: 199px) 100vw, 199px\" \/><\/a><\/p>\n<p>Powiat prudnicki po\u0142o\u017cony jest w po\u0142udniowo-zachodniej cz\u0119\u015bci Rejencji Opolskiej, bezpo\u015brednio przy granicy z Czechami. W swoim dzisiejszym kszta\u0142cie powsta\u0142 w wyniku dzia\u0142a\u0144 administracji pruskiej. Ani geograficznie ani historycznie nie mo\u017ce by\u0107 postrzegany jako jedno\u015b\u0107. Brakuje mu podstawowych cech podobie\u0144stwa krajobrazowego, kt\u00f3re w innych \u015bl\u0105skich powiatach prowadzi\u0142o cz\u0119sto do konsensusu gospodarczego.<\/p>\n<p>Nie posiada r\u00f3wnie\u017c historycznej przesz\u0142o\u015bci, z uwagi na brak centralnego punktu w\u0142adzy pa\u0144stwowej, kt\u00f3ry ju\u017c dawno m\u00f3g\u0142 przej\u0105\u0107 administracj\u0119 ca\u0142ego regionu. Powiatowi prudnickiemu brak jest silnie zakorzenionej jedno\u015bci.<\/p>\n<p>Liczne wydarzenia historyczne i oddzia\u0142ywania geograficzne mia\u0142y miejsce poza powiatem, jednak ich skutek odczuwalny by\u0142 w regionie nadaj\u0105c mu charakterystyczny obraz teren\u00f3w przygranicznych i przej\u015bciowych.<\/p>\n<p>(Horst Frohloff, Die Besiedlung des Kreises Neustadt OS, Berlin 1938 \/ Horst Frohloff, Zasiedlenie Powiatu Prudnickiego, Berlin 1938)<\/p>\n<p><iframe loading=\"lazy\" src=\"https:\/\/www.google.com\/maps\/d\/embed?mid=1yjibrjglhLQXuJdhE1iZX6tkQ3lnRr44\" width=\"100%\" height=\"480\"><\/iframe><\/p>","protected":false},"excerpt":{"rendered":"<p>Powiat prudnicki po\u0142o\u017cony jest w po\u0142udniowo-zachodniej cz\u0119\u015bci Rejencji Opolskiej, bezpo\u015brednio przy granicy z Czechami. W swoim dzisiejszym kszta\u0142cie powsta\u0142 w wyniku dzia\u0142a\u0144 administracji pruskiej. Ani geograficznie ani historycznie nie mo\u017ce by\u0107 postrzegany jako jedno\u015b\u0107. Brakuje mu podstawowych cech podobie\u0144stwa krajobrazowego, kt\u00f3re w innych \u015bl\u0105skich powiatach prowadzi\u0142o cz\u0119sto do konsensusu gospodarczego. Nie posiada r\u00f3wnie\u017c historycznej przesz\u0142o\u015bci, &hellip; <a href=\"https:\/\/hkknos.eu\/pl\/kreis-neustadtos\/\" class=\"more-link\">Czytaj dalej <span class=\"screen-reader-text\">Powiat prudnicki<\/span><\/a><\/p>\n","protected":false},"author":2,"featured_media":0,"parent":0,"menu_order":0,"comment_status":"closed","ping_status":"closed","template":"","meta":{"footnotes":""},"class_list":["post-51","page","type-page","status-publish","hentry"],"_links":{"self":[{"href":"https:\/\/hkknos.eu\/pl\/wp-json\/wp\/v2\/pages\/51","targetHints":{"allow":["GET"]}}],"collection":[{"href":"https:\/\/hkknos.eu\/pl\/wp-json\/wp\/v2\/pages"}],"about":[{"href":"https:\/\/hkknos.eu\/pl\/wp-json\/wp\/v2\/types\/page"}],"author":[{"embeddable":true,"href":"https:\/\/hkknos.eu\/pl\/wp-json\/wp\/v2\/users\/2"}],"replies":[{"embeddable":true,"href":"https:\/\/hkknos.eu\/pl\/wp-json\/wp\/v2\/comments?post=51"}],"version-history":[{"count":13,"href":"https:\/\/hkknos.eu\/pl\/wp-json\/wp\/v2\/pages\/51\/revisions"}],"predecessor-version":[{"id":1231,"href":"https:\/\/hkknos.eu\/pl\/wp-json\/wp\/v2\/pages\/51\/revisions\/1231"}],"wp:attachment":[{"href":"https:\/\/hkknos.eu\/pl\/wp-json\/wp\/v2\/media?parent=51"}],"curies":[{"name":"wp","href":"https:\/\/api.w.org\/{rel}","templated":true}]}}