{"id":46,"date":"2015-02-26T12:02:37","date_gmt":"2015-02-26T11:02:37","guid":{"rendered":"http:\/\/press.hkknos.org\/?page_id=46"},"modified":"2022-07-24T12:10:17","modified_gmt":"2022-07-24T10:10:17","slug":"publikationen-der-mitglieder","status":"publish","type":"page","link":"https:\/\/hkknos.eu\/pl\/die-historische-kommission\/publikationen-der-mitglieder\/","title":{"rendered":"Publikacje cz\u0142onk\u00f3w"},"content":{"rendered":"<h3>Dittrich Paul<\/h3>\n<ul>\n<li>Leuber &#8211; Geschichte eines oberschlesischen Bauerndorfes, Emmerke 1993.<\/li>\n<li>Dittrich &#8211; Der Weg einer oberschlesischen Bauernfamilie durch die Jahrhunderte-, Emmerke 2003.<\/li>\n<li>Beitr\u00e4ge zur Geschichte von Leuber: &#8222;Leubener Wappen, Siegel, Stempel&#8221;, &#8222;Die Grundb\u00fccher von Leuber&#8221;, &#8222;Erzpriester Robert Kutsche&#8221; (Die Serie wird fortgesetzt), Emmerke 2004.<\/li>\n<li>Die Pfarrei St. Jakobus in Leuber \/ Kreis Neustadt\/OS, Emmerke 2009<\/li>\n<li>Ortsfamilienbuch Leuber, Krs. Neustadt OS. &#8211; 1534-1946, Emmerke 2013<\/li>\n<\/ul>\n<h3>Gliese Maik<\/h3>\n<ul>\n<li>Ortsfamilienbuch Dittersdorf (<a href=\"http:\/\/www.online-ofb.de\/dittersdorf\/\">http:\/\/www.online-ofb.de\/dittersdorf\/)<\/a><\/li>\n<\/ul>\n<h3>Grzegorczyk Barbara<\/h3>\n<ul>\n<li>Zamek w Glog\u00f3wku (Das Schloss in Oberglogau), Oberglogau 2003.<\/li>\n<\/ul>\n<h3>Hauptstock G\u00fcnter<\/h3>\n<ul>\n<li>Beitr\u00e4ge zur Geschichte der Stadt Oberglogau I, Unna 2003<\/li>\n<li>Beitr\u00e4ge zur Geschichte der Stadt Oberglogau II, Unna 2004<\/li>\n<li>Beitr\u00e4ge zur Geschichte der Stadt Oberglogau III, Unna 2006<\/li>\n<li>Geschichte der Stadt Oberglogau, Band I (Von der Stadtgr\u00fcndung bis zum Brand von 1582), Menden 2005 (Autoren: Johannes Preisner und G\u00fcnter Hauptstock)<\/li>\n<li>Geschichte der Stadt Oberglogau, Band II (1582-1691), Menden 2006 (Autoren: Johannes Preisner und G\u00fcnter Hauptstock)<\/li>\n<li>Geschichte der Stadt Oberglogau, Band III (1714-1892), Menden 2008 (Autoren: Johannes Preisner und G\u00fcnter Hauptstock)<\/li>\n<li>Z dziej\u00f3w Glog\u00f3wka, Oberglogau 2009<\/li>\n<li>Beitr\u00e4ge zur Geschichte der Stadt Oberglogau IV, Unna 2016<\/li>\n<li>M\u00f3j G\u0142og\u00f3wek, Oberglogau 2016<\/li>\n<\/ul>\n<h3>Hellfeier Robert<\/h3>\n<ul>\n<li>Die Geschichte des Glockenturmes von Pechh\u00fctte in Oberschlesien \/ Historia dzwonnicy ze Smolarni na G\u00f3rnym \u015al\u0105sku, Herausgeber: Robert Hellfeier, Kaiserslautern 2019.<\/li>\n<li>Wojownik epoki \u017celaza z Dziedzic, in: 28\u2019. Historia Bor\u00f3w Niemodli\u0144skich, unter der Redaktion von Daniel Podobi\u0144ski, Partnerstwo Bor\u00f3w Niemodli\u0144skich, Niemodlin 2013, S. 131-134.<\/li>\n<li>Smolarnia \u2013 350 lat historii, 1. Ausgabe, Herausgeber: Gmina Strzeleczki, Smolarnia 2014.<\/li>\n<li>Zjawiska \u015bwietlne, jako znaki pocz\u0105tku i ko\u0144ca II wojny \u015bwiatowej, in: Rocznik Bor\u00f3w Niemodli\u0144skich 2017, unter der Redaktion von Daniel Podobi\u0144ski, Partnerstwo Bor\u00f3w Niemodli\u0144skich, Niemodlin 2016, S. 145-150.<\/li>\n<li>Z historii parafialnych dzwon\u00f3w, dzwonk\u00f3w i dzwonnic, in: Rocznik Bor\u00f3w Niemodli\u0144skich 2017, unter der Redaktion von Daniel Podobi\u0144ski, Partnerstwo Bor\u00f3w Niemodli\u0144skich, Niemodlin 2016, S. 61-71.<\/li>\n<\/ul>\n<p><strong>ARTIKEL:<\/strong><\/p>\n<ul>\n<li><em>Smolarnia \u2013 350 lat historii<\/em>, in: Tygodnik Prudnicki 46\/2013, v. 13.11.2013 (S. 22-23) und Tygodnik Krapkowicki 52\/2013 v. 31.12.2013 (S. 23).<\/li>\n<li><em>Historia widok\u00f3wki<\/em>, in: Nowa Gazeta, 1\/2014 v. Januar-Februar 2014, S. 14.<\/li>\n<li><em>Wspomnienia po latach<\/em>, in: Nowa Gazeta, 3\/2014 v. April-Mai 2014, S. 16.<\/li>\n<li><em>M\u0142yn wodny w Rac\u0142awiczkach<\/em>, in: Tygodnik Krapkowicki, 22\/2014 v. 3.06.2014, S. 29.<\/li>\n<li><em>Zapomniany \u201eg\u0142az pami\u0119ci\u201d<\/em>, in: Tygodnik Krapkowicki, 43\/2014 v. 28.10.2014, S. 5.<\/li>\n<li><em>Pr\u0119\u017cy\u0144skie okopy<\/em>, in: Tygodnik Prudnicki 11\/2015 v. 11.03.2015, S. 9-10.<\/li>\n<li><em>Zapomniane ofiary II wojny \u015bwiatowej<\/em>, in: Tygodnik Krapkowicki, 12\/2015 v. 24.3.2015, S. 22 (Teil I); 13\/2015 v. 31.03.2015, S. 30 (Teil II).<\/li>\n<li><em>90. rocznica powstania szko\u0142y w Smolarni<\/em>, in: Tygodnik Krapkowicki, 15\/2016 v. 12.04.2016, 16\/2016 v. 19.04.016<\/li>\n<li><em>Ofiary II wojny \u015bwiatowej oczami rodzin<\/em>, in: Tygodnik Krapkowicki, 22\/2016 v. 31.05.2016<\/li>\n<li><em> (<strong>alle Artikel siehe hier: <a href=\"http:\/\/smolarnia.org\/publikacje.php\">http:\/\/smolarnia.org\/publikacje.php<\/a>)<\/strong><\/em><\/li>\n<\/ul>\n<h3>Hortsch Michael \/ Hortsch Hellmuth<\/h3>\n<p>(Kontakt f\u00fcr Anfragen bez\u00fcglich Informationen und Kopien der Dokumente: Email <a href=\"mailto:hortsch@umich.edu\">hortsch@umich.edu<\/a>)<\/p>\n<ul>\n<li>Bearbeitung und Kommentare zum &#8222;Urbarium f\u00fcr das zur Herrschaft Z\u00fcltz geh\u00f6rige Guth Ottok von 1797&#8221;, Michigan (USA) 2004. Eigenverlag.<\/li>\n<li>Verkartung der Kirchenb\u00fccher von Ellguth (Z\u00fclz) 1724-1950, Michigan 2005.<\/li>\n<li>Tabellarische Abschrift\/Verkartung der Kirchenb\u00fccher der katholischen Gemeinde Ellguth bei Z\u00fclz (1724 bis zum zweiten Weltkrieg). Michael Hortsch; 2005; Eigenverlag.<\/li>\n<li>Abschrift des Rezesses von 1850 \u00fcber die Abl\u00f6sung der Hutungsberechtigung der Gemeindeglieder zu Ottok, Kreis Neustadt. Michael Hortsch; 2015; Eigenverlag.<\/li>\n<li>Abschrift der Schulchronik der Schule zu Ottok, Kreis Neustadt (1897 bis 1939). Michael Hortsch; 2015; Eigenverlag.<\/li>\n<\/ul>\n<h3>Jarosch Sigismund<\/h3>\n<ul>\n<li>Dorf- und Schulchronik der Gemeinde Friedersdorf O\/S, Schorndorf \/ Friedersdorf 1994.<\/li>\n<\/ul>\n<h3>Koperlik Reinhard<\/h3>\n<ul>\n<li>Verkartung der Kirchenb\u00fccher von Oberglogau (1682-1775).<\/li>\n<\/ul>\n<h3 dir=\"ltr\">M\u0142ynarska Henryka<\/h3>\n<ul>\n<li dir=\"ltr\">Legendy, podania G\u0142og\u00f3wka i okolic [Sagen, Legenden aus dem Oberglogauer Lande], G\u0142og\u00f3wek 2000.<\/li>\n<li dir=\"ltr\">Kultura regionu w zainteresowaniach nauczycieli niemieckich: Josepha Streckego, Alfreda Kosiana i Theophila Konietznego [Die Kultur der Region im Interessenbereich der deutschen Lehrer Joseph Strecke, Alfred Kosian und Theophil Konietzny]. In: Po\u015bpiech, Jerzy\/Smoli\u0144ska, Teresa (Hrsg.): Z dziej\u00f3w i dorobku folklorystyki \u015bl\u0105skiej (do 1939 roku) [Aus der Geschichte und den Leistungen der schlesischen Volkskunde ( bis 1939)], Opole 2002, S.165-179.<\/li>\n<li dir=\"ltr\">Nazwy miejscowe G\u0142og\u00f3wka i okolic z perspektywy folklorysty [Toponyme von Oberglogau und Umgebung aus der Sicht eines Volkskundlers]. In; Kwartalnik Opolski, Nr. 2-3, Jahrgang XLIX, 2003, S. 147-159.<\/li>\n<li dir=\"ltr\">Odnaleziony r\u0119kopis Rafa\u0142a Urbana [Das gefundene Manuskript von Raphale Urban]. In: Kwartalnik Opolski, Nr. 2-3, Jahrgang L, 2004, S. 131-147.<\/li>\n<li dir=\"ltr\">Sanktuarium Matki Bo\u017cej Loreta\u0144skiej w G\u0142og\u00f3wku [Das Sanktuarium Muttergottes von Loreto in Oberglogau], G\u0142og\u00f3wek 2008.<\/li>\n<li dir=\"ltr\">S\u0142owniczek gwary \u015bl\u0105skiej G\u0142og\u00f3wka i okolic [Kleines W\u00f6rterbuch der schlesischen Mundart von Oberglogau und Umgebung], Krapkowice 2009.<\/li>\n<li dir=\"ltr\">Zwyczaje i tradycje G\u0142og\u00f3wka [Br\u00e4uche und Traditionen von Oberglogau]. In: Ziemia G\u0142og\u00f3wecka [Das Oberglogauer Land], G\u0142og\u00f3wek 2009, S. 23-33.<\/li>\n<li dir=\"ltr\">Legendy, podania i opowie\u015bci historyczne z G\u0142og\u00f3wka i okolic [Sagen, Legenden und historische Geschichten aus dem Oberglogauer Lande], Wroc\u0142aw 2010.<\/li>\n<li dir=\"ltr\">Niemieckie czasopi\u015bmiennictwo w G\u0142og\u00f3wku (Oberglogau) w latach 1845-1945 [Das deutsche Zeitschriftenwesen in Oberglogau in den Jahren 1845-1945. In: Lis, Micha\u0142\/Nowak, Zenona Maria (Hrsg.): Przyczynek do refleksji nad kultur\u0105 G\u00f3rnego \u015al\u0105ska [Ein Beitrag zur Reflexion \u00fcber die Kultur Oberschlesiens], Opole 2011, S.117-129.<\/li>\n<li dir=\"ltr\">Erinnerungen an den P\u00e4dagogen und Organisten Joseph Schittko aus Friedersdorf, In: Wrobel, Ralph M. (Hrsg.): Ethnische Minderheiten und Erinnerungskulturen in Mittel \u2013 und Osteuropa, Frankfurt am Main 2012, S. 111-131.<\/li>\n<li dir=\"ltr\">Funkcjonowanie g\u0142og\u00f3weckiej kuracji w XIX i XX wieku [Funktionsweise der Oberglogauer Kuratie im 19. und 20. Jahrhundert]. In: Hura, Krzysztof OFMConv. (Hrsg.): Dzieje franciszkan\u00f3w w G\u0142og\u00f3wku 1264-2014 [Geschichte der Franziskaner in Oberglogau in den Jahren 1264-2014], Wroc\u0142aw 2014, S. 30-51.<\/li>\n<li dir=\"ltr\">Kalendarium \u017cycia ks. Alberta Willimsky\u2019ego [Lebenskalendarium von Pfr. Albert Willimsky], Gliwice 2020.<\/li>\n<\/ul>\n<h3>Osieka Michael<\/h3>\n<ul>\n<li>Verkartung der Kirchenb\u00fccher von Walzen (1703-1942).<\/li>\n<li>Verkartung der Kirchenb\u00fccher von Twardawa (Taufen 1781-1787, Trauungen 1715-1766 und 1930-1945)<\/li>\n<li>Aus\u00fcnfte erteilt Herr Osieka. E-Mail <a href=\"mailto:m.osieka@web.de\" target=\"_top\" rel=\"noopener\">m.osieka@web.de<\/a><\/li>\n<\/ul>\n<h3>Peters Erhard<\/h3>\n<ul>\n<li>Oberglogau \u2013 die oberschlesische Piastenstadt an der Hotzenplotz in alten Bildern, Espelkamp 1993 [vergriffen].<\/li>\n<\/ul>\n<h3>Preisner Johannes<\/h3>\n<ul>\n<li>Das Dorf Rosnochau\/Rossweide im Laufe der Zeit, Menden 1992.<\/li>\n<li>Interimistisches Urbarium von dem zur Herrschaft Dobrau gehoerigen Dorfe Friedersdorff im Neustaedtschen Creise 1805, Menden 1992.<\/li>\n<li>Acta ueber die Anstellung eines eigenen Pfarrers fuer Rosnochau 1839-1843, Menden 1993.<\/li>\n<li>Rosnochau im Kreise Neustadt OS. Geschichte der Kirche und Pfarrei, Menden 1997.<\/li>\n<li>Das Oberglogauer Archipresbyterat im Licht der Visitationsberichte von 1679, 1680 u. 1688, Menden 1999.<\/li>\n<li>Namensverzeichnis der Kujauer Bruderschaft St. Barbara, Menden 2000. Ein Buch \u00fcber die 1679 in Kujau gegr\u00fcndete Bruderschaft St. Barbara, die bis heute existiert, und deren Namensverzeichnis seit der Gr\u00fcndung.<\/li>\n<li>Das Friedersdorfer Urbarium von 1805 und die Lage der Landbev\u00f6lkerung im Oberglogauer Land vor der Befreiung aus der Erbuntert\u00e4nigkeit, Menden 2000.<\/li>\n<li>Pater Ladislaus Schneider &#8211; deutscher Pionier im Hl. Land, 4. Auflage, Menden 2006. (Ein Buch \u00fcber den 1833 in Rosnochau geborenen Pater Ladislaus Schneider, der die ersten deutsch-katholischen Einrichtungen im Hl. Land gegr\u00fcndet hat.)<\/li>\n<li>Rosnochau\/Ro\u00dfweide im Kreise Neustadt OS &#8211; Ein Blick in die Dorfgeschichte, 4 Auflage, Menden 2006.<\/li>\n<li>Friedersdorf, Kreis Neustadt OS. Die Entwicklung eines zweisprachigen Dorfes von seinen Anf\u00e4ngen bis 1945, 3. Auflage, Menden 2006.<\/li>\n<li>Kujauer Br\u00fcderschaft St. Barbara &#8211; Bractwo sw. Barbary w Kujawach, Menden 2004.<\/li>\n<li>Deutsch Rasselwitz &#8211; Die Entwicklung eines deutschsprachigen Dorfes im Kreis Neustadt OS von seinen Anf\u00e4ngen bis zur Vertreibung, 2. Auflage, Menden 2006.<\/li>\n<li>Geschichte der Stadt Oberglogau, Band I (Von der Stadtgr\u00fcndung bis zum Brand von 1582), Menden 2005 (Autoren: Johannes Preisner und G\u00fcnter Hauptstock)<\/li>\n<li>Kujau-Zellin und die kujauer Kleind\u00f6rfer &#8211; Kujawy-Zielina u kujawskimi przysiolkami (zweisprachig), Menden 2006<\/li>\n<li>Geschichte der Stadt Oberglogau, Band II (1582-1691), Menden 2006 (Autoren: Johannes Preisner und G\u00fcnter Hauptstock)<\/li>\n<li>Geschichte der Stadt Oberglogau, Band III (1714-1892), Menden 2008 (Autoren: Johannes Preisner und G\u00fcnter Hauptstock)<\/li>\n<li>Das Friedersdorfer Urbarium von 1805 \/ Urbarz biedrzychowicki z roku 1805 (zweisprachig), Menden 2013<\/li>\n<\/ul>\n<h3>Schindler Herbert<\/h3>\n<ul>\n<li>Alte Bilder aus Stadt und Kreis Neustadt Oberschlesien, Hagen 1994 [vergriffen].<\/li>\n<\/ul>\n<h3>Smarzly Andreas<\/h3>\n<ul>\n<li>Die Sluzallek, M\u00fcller in Zellin Kreis Neustadt Oberschlesien und ihre Nachkommen, M\u00fclheim-K\u00e4rlich 2004.<\/li>\n<li>Die Chronik der Familie Smarzly, M\u00fclheim-K\u00e4rlich 2006.<\/li>\n<li>Das Geschlecht Janocha im Oberglogauer Land \/ R\u00f3d Janocha na ziemi Glog\u00f3weckiej, M\u00fclheim-K\u00e4rlich 2006 (deutsch\/polnisch),(103 S. + 17 Stammtafeln DINA3).<\/li>\n<li>Fotoalbum der Familie Kroll und der Verwandten Familien Kusiek, Mikus, Janocha, Kalus, Smarzly, Pietrzak, M\u00fclheim-K\u00e4rlich 2009 (85 S., 180 Familienfotos aus dem Zeitraum 1900-2000, Familiendokumente 19.\/20. Jahrh., Stammtafeln)<\/li>\n<li>Blaschewitz (Kreis Neustadt OS) &#8211; Geschichte eines oberschlesischen Dorfes, G\u00f6rlitz 2014.<\/li>\n<li>Oberschlesisches Dorfleben \u00fcber 100 Jahre im Bild \u2013 Historische Fotografien aus K\u00f6rnitz, Oppeln 2018.<\/li>\n<\/ul>\n<p><strong>ARTIKEL<\/strong>:<\/p>\n<ul>\n<li>Wie sich Uropa und Uroma kennerlernten und wie sie auf dem Lande lebten, in: Neust\u00e4dter Heimatbrief, Nr. 06\/2003 (S. 183-184), Echo Slonska Nr. 11 vom 02\/2003.<\/li>\n<li>Hadyrlov und die Zupitzas, in: Neust\u00e4dter Heimatbrief, Nr. 10\/2003 (S. 308-311) und 11\/2003 (S. 340-341), Echo Slonska Nr. 15 vom 12\/2003, Unser Oberschlesien, Nr.23 (1268) v. 15.12.2003. In polnischer Sprache unter dem Titel &#8222;Hadyrlov i Zupitzowie&#8221;, in: Ziemia Prudnicka-Rocznik 2006 (S. 193-196).<\/li>\n<li>Der K\u00f6rnitzer Aufstand, in: Oberschlesien, Nr. 4 vom 24.02.2005 (Seite 12-13). Neust\u00e4dter Heimatbrief 04.2005 (S.116-117), 05.2005 (S.150-152), 06.2005 (S.184-185), 07.2005 (S.217-218). Schlesische Geschichtsbl\u00e4tter \u2013 Zeitschrift f\u00fcr Regionalgeschichte Schlesiens, 45. Jahrgang, Heft 2, Karlstadt 2020, S. 107-124 \/ polnischsprachig unter dem Titel &#8222;Powstanie kornickie&#8221; in: Tygodnik Krapkowicki, Nr. 27 vom 08.07.2004 und Nr. 28 vom 15.07.2004, Zycie Glog\u00f3wka, Nr. 7 vom 07\/2004, Jask\u00f3lka slaska, Mai 2010, S. 10-11, Portret-Rocznik Glog\u00f3wecki Nr. 3, 2009 (S.233-240) und und unter dem Titel &#8222;Pol dnia wolnosci &#8211; wypadki kornickie latem 1945 roku&#8221; in: Ziemia Prudnicka-Rocznik 2005 (S. 35-39).<\/li>\n<li>Kalendarium der Abstimmungszeit (1918-1922) im Oberglogauer Land, in: Neust\u00e4dter Heimatbrief, Nr. 03.2006 (S.74), 04.2006 (S. 105-106), 05.2006 (S.142), 06.2006 (S.172-173), 07.2006 (S. 205-206), 08.2006 (S.235-236) und 09.2006 (S.266-268), sowie polnischsprachig unter dem Titel &#8222;Wydarzenia na ziemi glogowieckiej w okresie walk plebiscytowych (1918-1922)&#8221; in: Zycie Glog\u00f3wka Nr.3\/2006 (S. 9), 4\/2006 (S. 9) und 5\/2006 (S.8).<\/li>\n<li>K\u00f6rnitz und seine Anf\u00e4nge, in: Neust\u00e4dter Heimatbrief, Nr. 07.2006 (S.216-217), 08.2006 (S.247-248) 09.2006 (S.249-280) und 10\/2006 (S.311-313)<\/li>\n<li>Z poczatk\u00f3w K\u00f3rnicy, Portret &#8211; Rocznik Glog\u00f3wecki Nr. 3, 2009 (S. 79-86)<\/li>\n<li>Die Geschichte der M\u00fchle von Zellin und der Zelliner M\u00fcller \/Z dziej\u00f3w mlyna w Zielinie oraz zielinskich mlynarzy, M\u00fclheim-K\u00e4rlich 2006 (deutsch\/polnisch), In: Rocznik Ziemia Prudnicka 2007, Confinuim 2\/2007 (S. 319-323) und Schlesische Geschichtsbl\u00e4tter, Heft 1, 45. Jahrgang (2018) (S. 28-32)<\/li>\n<li>Die Schreibersdorfer M\u00fchle \u201eAmerikon\u201c \/ Mlyn \u201eAmerikon\u201c w Pisarzowicach, M\u00fclheim-K\u00e4rlich 2007 (deutsch\/polnisch), in: Neust\u00e4dter Heimatbrief Nr. 10\/2007, 11\/2007 und 12\/2007 und Schlesische Geschichtsbl\u00e4tter \u2013 Zeitschrift f\u00fcr Regionalgeschichte Schlesiens, 37. Jahrgang, Heft 2, Karlstadt 2010, S. 68-71<\/li>\n<li>Aus der Geschichte des Dorfes Neuhof \/ Z historii wioski Nowy Dw\u00f3r Prudnicki, M\u00fclheim-K\u00e4rlich 2007 (deutsch\/polnisch), in: Neust\u00e4dter Heimatbrief Nr. 10\/2007 und 11\/2007<\/li>\n<li>Heiratspolitik oberschlesischer Bauernfamilien am Beispiel der Familie Janik in K\u00f6rnitz und Hinterdorf \/ Mariaze rodzin rolniczych na G\u00f3rnym Slasku na przykladzie historii rodziny Janik w K\u00f3rnicy i Oraczach, M\u00fclheim-K\u00e4rlich 2007 (deutsch\/polnisch), in: Neust\u00e4dter Heimatbrief 12\/2007, 01\/2008 und 02\/2008 und Rocznik Ziemia Prudnicka 2008<\/li>\n<li>Friderizianische Siedlung links der Oder: Das Beispiel der Kolonie Reitersdorf Kreis Neustadt O.S, in: Oberschlesisches Jahrbuch 2005\/2006, Bd. 21\/22, S. 49-68, Aschendorff 2008<\/li>\n<li>Kolonia Rajdyna (Reitersdorf) w powiecie prudnickim jako przyklad osadnictwa fryderycjanskiego na lewym brzegu Odry, Confinium 3\/2008 (S. 9-30)<\/li>\n<li>Das Geschlecht Lassota von Steblau im Oberglogauer Land und dessen politische Wirkung in Oberschlesien und auf der internationalen B\u00fchne \/ R\u00f3d Lassota von Steblau na ziemi glog\u00f3weckiej i jego dzialalnosc polityczna na G\u00f3rnym slasku oraz na arenie miedzynarodowej, in: Neust\u00e4dter Heimatbrief 01\/2009, 02\/2009 und 03\/2009, Confinium 3\/2008 (S.297-304), Schlesische Geschichtsbl\u00e4tter \u2013 Zeitschrift f\u00fcr Regionalgeschichte Schlesiens, 37. Jahrgang, Heft 1, Karlstadt 2010, S. 13-19,<\/li>\n<li>Die ersten Tr\u00e4ger des Eisernen Kreuzes im Kreis Neustadt\/OS, Neust\u00e4dter Heimatbrief 09\/2009.<\/li>\n<li>Pierwsze Krzyze Zelazne w powiecie prudnickim, Zycie Glog\u00f3wka 10\/2009 (S. 19-20) und Tygodnik Prudnicki 32\/2010 v. 11.08.2010 (S. 15).<\/li>\n<\/ul>\n<h3>Smolarz Andrea<\/h3>\n<ul>\n<li>Corisco bedeutet Blitz \u2013 Das Leben und die missionarische T\u00e4tigkeit von P. Val\u00e9ria Kirsch aus K\u00f6rnitz, Gogolin 2022.<\/li>\n<\/ul>\n<h3>Wei\u00df Manfred<\/h3>\n<ul>\n<li>\n<p id=\"title\" class=\"a-size-large a-spacing-none\"><span id=\"productTitle\" class=\"a-size-large\">Chronik des Dorfes Schnellewalde: Kreis Neustadt in Oberschlesien, G\u00f6rlitz 2017<\/span><\/p>\n<\/li>\n<\/ul>\n<h3>Wrobel Ralph<\/h3>\n<p><strong>B\u00dcCHER<\/strong>:<\/p>\n<ul>\n<li>Wolfgang Globisch \/ Ralph Michael Wrobel (2014) Wczoraj i Dzis Parafii Wierzch \/ Geschichte der D\u00f6rfer Deutsch und Polnisch M\u00fcllmen, Opole 2014<\/li>\n<li>Ralph Wrobel [Hrsg.] (2012) Ethnische Minderheiten und Erinnerungskulturen in Mittel- und Osteuropa, Frankfurt 2012<\/li>\n<li>Ralph Wrobel (2010) Die Johanniter in Oberschlesien: Gr\u00fcndung, Entwicklung und Niedergang der Kommenden Makau, Alt-Z\u00fclz und Cosel, W\u00fcrzburg 2010<\/li>\n<li>Johannes Preisner \/ Richard Pohl \/ Ralph Wrobel (2007) Der Kreis Neustadt\/OS im alten Oppelner Urbarium von 1534, G\u00f6rlitz 2007<\/li>\n<li>Ralph Wrobel (2005) Der Wassermann an der Hotzenplotz: Sage und Brauch im Oberglogauer Land, G\u00f6rlitz 2005<\/li>\n<\/ul>\n<p><strong>AUFS\u00c4TZE<\/strong>:<\/p>\n<ul>\n<li>Die Chmielnik-M\u00fchle bei Kerpen: Ein Ausschnitt aus der Wirtschafts- und Familiengeschichte Oberschlesiens, in: Jahrbuch f\u00fcr Schlesische Kultur und Geschichte, Bd. 55\/56, 2015\/16, erscheint demn\u00e4chst).<\/li>\n<li>G\u00e4rtnersiedlungen in Oberschlesien: Leschnig und Wiedrowitz unter der Herrschaft des Klosters Wiese-Pauliner als Beispiel, in: Jahrbuch f\u00fcr Schlesische Kultur und Geschichte, Bd. 55\/56, 2015\/16, erscheint demn\u00e4chst.<\/li>\n<li>Das Dorf Wilkau, Kreis Neustadt\/OS im Urbarium des Klosters Wiese-Pauliner von 1788, in: Archiv f\u00fcr schlesische Kirchengeschichte, Band 73 &#8211; 2015, M\u00fcnster 2016, S. 263 -296.<\/li>\n<li>Die Madonna im Spiegel: Kunst- und kulturhistorische Bedeutung des Tschenstochauer Marienbildes aus dem Kloster Wiese-Pauliner in Oberschlesien, in: Archiv f\u00fcr schlesische Kirchengeschichte, Band 71 &#8211; 2013, M\u00fcnster 2013, S. 171 &#8211; 210.<\/li>\n<li>Das Kloster Wiese-Pauliner bei Oberglogau in den &#8222;Regestra Perceptarum et Expensarum &#8230;&#8221; von 1711, in: Archiv f\u00fcr schlesische Kirchengeschichte Band 70 &#8211; 2012, M\u00fcnster 2013, S. 159 &#8211; 181.<\/li>\n<li>Die &#8222;Robothfreye Erbscholtisey&#8221; zu Kerpen: Sechshundertj\u00e4hrige Geschichte einer deutschrechtlichen Einrichtung im polnischsprachigen Oberschlesien, in: Schlesische Geschichtsbl\u00e4tter 2012\/3, S. 81 &#8211; 93.<\/li>\n<li>Die Etablierung des Paulinerordens in Polen und Schesien aus politischer und \u00f6konomischer Sicht, in: Stanislaw Swidzinski (Hrsg.): Ideologie des Paulinerm\u00f6nchtums Ende 15. \/ Anfang 16. Jahrhundert, Archivum Ordinis Sancti Pauli Primi Eremitae, Dissertationes T. VI \/ 11, Coesfeld 2012, 280 &#8211; 297.<\/li>\n<li>Pauperismus im l\u00e4ndlichen Oberschlesien vor 1848: Am Beispiel der H\u00e4uslerstelle Nr. 40 in Kerpen, Kreis Neustadt\/OS, in: Schlesische Geschichtsbl\u00e4tter 2012\/2, S. 71 &#8211; 79.<\/li>\n<li>Die Entwicklung des oberschlesischen Schulwesens in preu\u00dfischer Zeit am Beispiel der Dorfschule in Kerpen, in: Ethnische Minderheiten und Erinnerungskulturen in Mittel- und Osteuropa, 2012, S.81 &#8211; 110.<\/li>\n<li>Die Gr\u00fcndung und fr\u00fche Entwicklung der Stadt Oberglogau, in: Oberschlesisches Jahrbuch, Bd. 20, Jg. 2004, M\u00fcnster 2006, S. 13-66.<\/li>\n<li>Die Burg Woytowitz im Spannungsfeld zwischen Oberglogau und Repsch &#8211; Aspekte einer historischen Dreiecksbeziehung, in: Oberschlesisches Jahrbuch, Bd. 18\/19, Jg. 2002\/03, M\u00fcnster 2004, S. 11 &#8211; 48.<\/li>\n<li>Adelige Siedlungst\u00e4tigkeit im mittelalterlichen Oberschlesien: Die Herrschaft K\u00f6rnitz und Alt-Kuttendorf als Beispiel, in: Oberschlesisches Jahrbuch, Bd. 14\/15, Jg. 1998\/99, Heidelberg 2000, S. 31 &#8211; 48.<\/li>\n<li>Die Wasserm\u00fchle als Indikator grundherrschaftlicher Wirtschaftst\u00e4tigkeit in Oberschlesien &#8211; Eine Untersuchung der Wasserm\u00fchlen in der Herrschaft Oberglogau, in: Oberschlesisches Jahrbuch, Bd. 12, Jg. 1996, S. 53-76.<\/li>\n<li>Die Entstehung des G\u00e4rtnerstandes in der Herrschaft Oberglogau, in: Oberschlesisches Jahrbuch, Bd. 9, Jg. 1993, S. 67-81.<\/li>\n<\/ul>\n","protected":false},"excerpt":{"rendered":"<p>Dittrich Paul Leuber &#8211; Geschichte eines oberschlesischen Bauerndorfes, Emmerke 1993. Dittrich &#8211; Der Weg einer oberschlesischen Bauernfamilie durch die Jahrhunderte-, Emmerke 2003. Beitr\u00e4ge zur Geschichte von Leuber: &#8222;Leubener Wappen, Siegel, Stempel&#8221;, &#8222;Die Grundb\u00fccher von Leuber&#8221;, &#8222;Erzpriester Robert Kutsche&#8221; (Die Serie wird fortgesetzt), Emmerke 2004. Die Pfarrei St. Jakobus in Leuber \/ Kreis Neustadt\/OS, Emmerke 2009 &hellip; <a href=\"https:\/\/hkknos.eu\/pl\/die-historische-kommission\/publikationen-der-mitglieder\/\" class=\"more-link\">Czytaj dalej <span class=\"screen-reader-text\">Publikacje cz\u0142onk\u00f3w<\/span><\/a><\/p>\n","protected":false},"author":2,"featured_media":0,"parent":18,"menu_order":0,"comment_status":"closed","ping_status":"closed","template":"","meta":{"footnotes":""},"class_list":["post-46","page","type-page","status-publish","hentry"],"_links":{"self":[{"href":"https:\/\/hkknos.eu\/pl\/wp-json\/wp\/v2\/pages\/46","targetHints":{"allow":["GET"]}}],"collection":[{"href":"https:\/\/hkknos.eu\/pl\/wp-json\/wp\/v2\/pages"}],"about":[{"href":"https:\/\/hkknos.eu\/pl\/wp-json\/wp\/v2\/types\/page"}],"author":[{"embeddable":true,"href":"https:\/\/hkknos.eu\/pl\/wp-json\/wp\/v2\/users\/2"}],"replies":[{"embeddable":true,"href":"https:\/\/hkknos.eu\/pl\/wp-json\/wp\/v2\/comments?post=46"}],"version-history":[{"count":5,"href":"https:\/\/hkknos.eu\/pl\/wp-json\/wp\/v2\/pages\/46\/revisions"}],"predecessor-version":[{"id":1543,"href":"https:\/\/hkknos.eu\/pl\/wp-json\/wp\/v2\/pages\/46\/revisions\/1543"}],"up":[{"embeddable":true,"href":"https:\/\/hkknos.eu\/pl\/wp-json\/wp\/v2\/pages\/18"}],"wp:attachment":[{"href":"https:\/\/hkknos.eu\/pl\/wp-json\/wp\/v2\/media?parent=46"}],"curies":[{"name":"wp","href":"https:\/\/api.w.org\/{rel}","templated":true}]}}