{"id":354,"date":"2016-01-24T19:20:18","date_gmt":"2016-01-24T18:20:18","guid":{"rendered":"http:\/\/hkknos.eu\/?page_id=354"},"modified":"2024-01-14T13:54:02","modified_gmt":"2024-01-14T12:54:02","slug":"mitglied-werden","status":"publish","type":"page","link":"https:\/\/hkknos.eu\/pl\/die-historische-kommission\/mitglied-werden\/","title":{"rendered":"Zosta\u0144 cz\u0142onkiem!"},"content":{"rendered":"<p><\/p>\n<h4>Jak mog\u0119 zosta\u0107 cz\u0142onkiem Komisji Historycznej?<\/h4>\n<p>Komisja Historyczna Powiatu Prudnickiego jest otwarta dla ka\u017cdego zainteresowanego histori\u0105 powiatu prudnickiego. Dzia\u0142aj\u0105 w niej cz\u0142onkowie prowadz\u0105cy czynne badania nad histori\u0105 powiatu, np.: poprzez sporz\u0105dzanie miejscowych kronik, ale r\u00f3wnie\u017c genealodzy, korzystaj\u0105cy z naszych \u017ar\u00f3de\u0142 lub te\u017c \u201ecz\u0142onkowie-p\u0142atnicy\u201c wspieraj\u0105cy prace Komisji poprzez sk\u0142adki cz\u0142onkowskie.<\/p>\n<h4>Jakie korzy\u015bci przynosi cz\u0142onkostwo w Komisji Historycznej?<\/h4>\n<p>W pierwszej kolejno\u015bci Komisja Historyczna Powiatu Prudnickiego pozwala na poznanie innych naukowc\u00f3w, ludzi poszukuj\u0105cych tych samych materia\u0142\u00f3w archiwalnych, ksi\u0105g ko\u015bcielnych, rejestr\u00f3w podatkowych lub ksi\u0105\u017cek. Ale to nie wszystko. Oferujemy:<\/p>\n<ul>\n<li>Dost\u0119p do biblioteki Komisji Historycznej zawieraj\u0105cej liczne ksi\u0105\u017cki i referaty (cz\u0119\u015bciowo rzadkie i trudno dost\u0119pne!), ale r\u00f3wnie\u017c materia\u0142y archiwalne na temat powiatu prudnickiego na G\u00f3rnym \u015al\u0105sku.<\/li>\n<li>Pomoc kompetentnych partner\u00f3w z do\u015bwiadczeniem w zakresie archiwistyki i bibliotekarstwa w Polsce jak i Niemczech.<\/li>\n<li>Wsparcie przy opracowaniu zebranych materia\u0142\u00f3w dotycz\u0105cych historii rodziny, lokalnych kronik lub referat\u00f3w naukowych.<\/li>\n<li>Uczestnictwo w wizytach studyjnych i wyjazdach na \u015al\u0105sk.<\/li>\n<li>Regularne informowanie o wynikach nowych bada\u0144 w formie \u201eAktualno\u015bci cz\u0142onkowskich\u201c (ok\u00f3lnika) publikowanych regularnie dwa razy w roku.<\/li>\n<\/ul>\n<h4>Jak mog\u0119 zosta\u0107 cz\u0142onkiem Komisji Historycznej?<\/h4>\n<p>Cz\u0142onkiem Komisji Historycznej mo\u017cna zosta\u0107 po z\u0142o\u017ceniu nieformalnego wniosku do Zarz\u0105du.<\/p>\n<p>Skontaktuj si\u0119 z nami za pomoc\u0105 <a href=\"http:\/\/hkknos.eu\/kontakt-impressum\/kontakt\/\">formularza kontaktowego<\/a><\/p>\n<p>&#8230; lub napisz na poni\u017cszy <span style=\"text-decoration: underline;\">adres korespondencyjny<\/span>:<\/p>\n<p><a href=\"http:\/\/hkknos.eu\/wp-content\/uploads\/2016\/01\/anschrift.png\"><img loading=\"lazy\" decoding=\"async\" class=\"alignnone wp-image-774\" src=\"http:\/\/hkknos.eu\/wp-content\/uploads\/2016\/01\/anschrift-300x198.png\" alt=\"\" width=\"530\" height=\"349\" srcset=\"https:\/\/hkknos.eu\/wp-content\/uploads\/2016\/01\/anschrift-300x198.png 300w, https:\/\/hkknos.eu\/wp-content\/uploads\/2016\/01\/anschrift-768x506.png 768w, https:\/\/hkknos.eu\/wp-content\/uploads\/2016\/01\/anschrift.png 1000w\" sizes=\"auto, (max-width: 530px) 100vw, 530px\" \/><\/a><\/p>\n<p><span style=\"text-decoration: underline;\">lub mailowo<\/span>: Ralph.Wrobel@hkknos.eu<\/p>\n<p>B\u0119dzie nam niezmiernie mi\u0142o powita\u0107 wszystkich zainteresowanych cz\u0142onkostwem, stawiaj\u0105cych pierwsze kroki w zakresie bada\u0144 genealogicznych i krajoznawczych!<\/p>\n<h4>Ile kosztuje cz\u0142onkostwo w Komisji Historycznej?<\/h4>\n<p>Sk\u0142adka cz\u0142onkowska wynosi obecnie 25,00 euro rocznie. Dla cz\u0142onk\u00f3w mieszkaj\u0105cych w Polsce, Czechach, S\u0142owacji i W\u0119grzech sk\u0142adka cz\u0142onkowska wynosi 10,00 euro lub 50,00 z\u0142otych rocznie. W przypadku wyst\u0105pienia wa\u017cnego powodu (np. status studenta itd.) Zarz\u0105d mo\u017ce r\u00f3wnie\u017c zwolni\u0107 innych cz\u0142onk\u00f3w z konieczno\u015bci wniesienia sk\u0142adki cz\u0142onkowskiej.<\/p>\n<h4>Jak mog\u0119 zosta\u0107 cz\u0142onkiem Komisji Historycznej?<\/h4>\n<p>Komisja Historyczna Powiatu Prudnickiego jest otwarta dla ka\u017cdego zainteresowanego histori\u0105 powiatu prudnickiego. Dzia\u0142aj\u0105 w niej cz\u0142onkowie prowadz\u0105cy czynne badania nad histori\u0105 powiatu, np.: poprzez sporz\u0105dzanie miejscowych kronik, ale r\u00f3wnie\u017c genealodzy, korzystaj\u0105cy z naszych \u017ar\u00f3de\u0142 lub te\u017c \u201ecz\u0142onkowie-p\u0142atnicy\u201c wspieraj\u0105cy prace Komisji poprzez sk\u0142adki cz\u0142onkowskie.<\/p>\n<h4>Jakie korzy\u015bci przynosi cz\u0142onkostwo w Komisji Historycznej?<\/h4>\n<p>W pierwszej kolejno\u015bci Komisja Historyczna Powiatu Prudnickiego pozwala na poznanie innych naukowc\u00f3w, ludzi poszukuj\u0105cych tych samych materia\u0142\u00f3w archiwalnych, ksi\u0105g ko\u015bcielnych, rejestr\u00f3w podatkowych lub ksi\u0105\u017cek. Ale to nie wszystko. Oferujemy:<\/p>\n<ul>\n<li>Dost\u0119p do biblioteki Komisji Historycznej zawieraj\u0105cej liczne ksi\u0105\u017cki i referaty (cz\u0119\u015bciowo rzadkie i trudno dost\u0119pne!), ale r\u00f3wnie\u017c materia\u0142y archiwalne na temat powiatu prudnickiego na G\u00f3rnym \u015al\u0105sku.<\/li>\n<li>Pomoc kompetentnych partner\u00f3w z do\u015bwiadczeniem w zakresie archiwistyki i bibliotekarstwa w Polsce jak i Niemczech.<\/li>\n<li>Wsparcie przy opracowaniu zebranych materia\u0142\u00f3w dotycz\u0105cych historii rodziny, lokalnych kronik lub referat\u00f3w naukowych.<\/li>\n<li>Uczestnictwo w wizytach studyjnych i wyjazdach na \u015al\u0105sk.<\/li>\n<li>Regularne informowanie o wynikach nowych bada\u0144 w formie \u201eAktualno\u015bci cz\u0142onkowskich\u201c (ok\u00f3lnika) publikowanych regularnie dwa razy w roku.<\/li>\n<\/ul>\n<h4>Jak mog\u0119 zosta\u0107 cz\u0142onkiem Komisji Historycznej?<\/h4>\n<p>Cz\u0142onkiem Komisji Historycznej mo\u017cna zosta\u0107 po z\u0142o\u017ceniu nieformalnego wniosku do Zarz\u0105du.<\/p>\n<p>Skontaktuj si\u0119 z nami za pomoc\u0105 <a href=\"http:\/\/hkknos.eu\/kontakt-impressum\/kontakt\/\">formularza kontaktowego<\/a><\/p>\n<p>&#8230; lub napisz na poni\u017cszy <span style=\"text-decoration: underline;\">adres korespondencyjny<\/span>:<\/p>\n<p><a href=\"http:\/\/hkknos.eu\/wp-content\/uploads\/2016\/01\/anschrift.png\"><img loading=\"lazy\" decoding=\"async\" class=\"alignnone wp-image-774\" src=\"http:\/\/hkknos.eu\/wp-content\/uploads\/2016\/01\/anschrift-300x198.png\" alt=\"\" width=\"530\" height=\"349\" srcset=\"https:\/\/hkknos.eu\/wp-content\/uploads\/2016\/01\/anschrift-300x198.png 300w, https:\/\/hkknos.eu\/wp-content\/uploads\/2016\/01\/anschrift-768x506.png 768w, https:\/\/hkknos.eu\/wp-content\/uploads\/2016\/01\/anschrift.png 1000w\" sizes=\"auto, (max-width: 530px) 100vw, 530px\" \/><\/a><\/p>\n<p><span style=\"text-decoration: underline;\">lub mailowo<\/span>: Ralph.Wrobel@hkknos.eu<\/p>\n<p>B\u0119dzie nam niezmiernie mi\u0142o powita\u0107 wszystkich zainteresowanych cz\u0142onkostwem, stawiaj\u0105cych pierwsze kroki w zakresie bada\u0144 genealogicznych i krajoznawczych!<\/p>\n<h4>Ile kosztuje cz\u0142onkostwo w Komisji Historycznej?<\/h4>\n<p>Sk\u0142adka cz\u0142onkowska wynosi obecnie 25,00 EUR rocznie. Cz\u0142onkowie mieszkaj\u0105cy w Polsce s\u0105 zwolnieni z tej op\u0142aty. W przypadku wyst\u0105pienia wa\u017cnego powodu (np. status studenta itd.) Zarz\u0105d mo\u017ce r\u00f3wnie\u017c zwolni\u0107 innych cz\u0142onk\u00f3w z konieczno\u015bci wniesienia sk\u0142adki cz\u0142onkowskiej.<\/p>","protected":false},"excerpt":{"rendered":"<p>Jak mog\u0119 zosta\u0107 cz\u0142onkiem Komisji Historycznej? Komisja Historyczna Powiatu Prudnickiego jest otwarta dla ka\u017cdego zainteresowanego histori\u0105 powiatu prudnickiego. Dzia\u0142aj\u0105 w niej cz\u0142onkowie prowadz\u0105cy czynne badania nad histori\u0105 powiatu, np.: poprzez sporz\u0105dzanie miejscowych kronik, ale r\u00f3wnie\u017c genealodzy, korzystaj\u0105cy z naszych \u017ar\u00f3de\u0142 lub te\u017c \u201ecz\u0142onkowie-p\u0142atnicy\u201c wspieraj\u0105cy prace Komisji poprzez sk\u0142adki cz\u0142onkowskie. Jakie korzy\u015bci przynosi cz\u0142onkostwo w Komisji &hellip; <a href=\"https:\/\/hkknos.eu\/pl\/die-historische-kommission\/mitglied-werden\/\" class=\"more-link\">Czytaj dalej <span class=\"screen-reader-text\">Zosta\u0144 cz\u0142onkiem!<\/span><\/a><\/p>\n","protected":false},"author":2,"featured_media":0,"parent":18,"menu_order":4,"comment_status":"closed","ping_status":"closed","template":"","meta":{"footnotes":""},"class_list":["post-354","page","type-page","status-publish","hentry"],"_links":{"self":[{"href":"https:\/\/hkknos.eu\/pl\/wp-json\/wp\/v2\/pages\/354","targetHints":{"allow":["GET"]}}],"collection":[{"href":"https:\/\/hkknos.eu\/pl\/wp-json\/wp\/v2\/pages"}],"about":[{"href":"https:\/\/hkknos.eu\/pl\/wp-json\/wp\/v2\/types\/page"}],"author":[{"embeddable":true,"href":"https:\/\/hkknos.eu\/pl\/wp-json\/wp\/v2\/users\/2"}],"replies":[{"embeddable":true,"href":"https:\/\/hkknos.eu\/pl\/wp-json\/wp\/v2\/comments?post=354"}],"version-history":[{"count":5,"href":"https:\/\/hkknos.eu\/pl\/wp-json\/wp\/v2\/pages\/354\/revisions"}],"predecessor-version":[{"id":1658,"href":"https:\/\/hkknos.eu\/pl\/wp-json\/wp\/v2\/pages\/354\/revisions\/1658"}],"up":[{"embeddable":true,"href":"https:\/\/hkknos.eu\/pl\/wp-json\/wp\/v2\/pages\/18"}],"wp:attachment":[{"href":"https:\/\/hkknos.eu\/pl\/wp-json\/wp\/v2\/media?parent=354"}],"curies":[{"name":"wp","href":"https:\/\/api.w.org\/{rel}","templated":true}]}}