{"id":35,"date":"2015-02-26T11:32:36","date_gmt":"2015-02-26T10:32:36","guid":{"rendered":"http:\/\/press.hkknos.org\/?page_id=35"},"modified":"2018-03-20T17:02:12","modified_gmt":"2018-03-20T16:02:12","slug":"links","status":"publish","type":"page","link":"https:\/\/hkknos.eu\/pl\/links\/","title":{"rendered":"Linki"},"content":{"rendered":"<p><\/p>\n<h1 style=\"text-align: left;\">Archiwa \/ Biblioteki<\/h1>\n<ul style=\"text-align: left;\">\n<li><span class=\"text\" style=\"color: #002067; font-family: Verdana,Arial,Helvetica; font-size: small;\"><a href=\"http:\/\/www.sbc.org.pl\/dlibra\" target=\"_new\">www.sbc.org.pl\/dlibra<\/a> &#8211; \u015al\u0105ska Biblioteka Cyfrowa<br \/>\n<\/span><\/li>\n<li><span class=\"text\" style=\"color: #002067; font-family: Verdana,Arial,Helvetica; font-size: small;\"> <a href=\"http:\/\/www.ubka.uni-karlsruhe.de\/kvk.html\" target=\"_new\">www.ubka.uni-karlsruhe.de\/kvk.html<\/a> &#8211; sprawdzanie zasob\u00f3w bibliotek\/baz danych w kraju i za granic\u0105<br \/>\n<\/span><\/li>\n<li><span class=\"text\" style=\"color: #002067; font-family: Verdana,Arial,Helvetica; font-size: small;\"> <a href=\"http:\/\/baza.archiwa.gov.pl\/sezam\/index.php\" target=\"_new\">baza.archiwa.gov.pl\/sezam\/index.php<\/a> &#8211; sprawdzanie zasob\u00f3w w polskich archiwach pa\u0144stwowych<br \/>\n<\/span><\/li>\n<li><a href=\"http:\/\/www.szukajwarchiwach.pl\/\" target=\"_blank\" rel=\"noopener\">www.szukajwarchiwach.pl\/<\/a> <span style=\"color: #002067; font-family: Verdana,Arial,Helvetica; font-size: small;\">\u2013 <span class=\"text\">sprawdzanie zasob\u00f3w w polskich archiwach pa\u0144stwowych<\/span><\/span><span style=\"color: #002067; font-family: Verdana,Arial,Helvetica; font-size: small;\"><br \/>\n<\/span><\/li>\n<li><span class=\"text\" style=\"color: #002067; font-family: Verdana,Arial,Helvetica; font-size: small;\"> <a href=\"http:\/\/www.bu.uni.wroc.pl\/\" target=\"_new\">www.bu.uni.wroc.pl<\/a> &#8211; Biblioteka Uniwersytecka we Wroc\u0142awiu<br \/>\n<\/span><\/li>\n<li><span class=\"text\" style=\"color: #002067; font-family: Verdana,Arial,Helvetica; font-size: small;\"> <a href=\"http:\/\/www.ap.wroc.pl\/\" target=\"_new\">www.ap.wroc.pl<\/a> &#8211; Archiwum Pa\u0144stwowe we Wroc\u0142awiu<br \/>\n<\/span><\/li>\n<li><span class=\"text\" style=\"color: #002067; font-family: Verdana,Arial,Helvetica; font-size: small;\"> <a href=\"http:\/\/www.gsta.spk-berlin.de\" target=\"_new\">www.gsta.spk-berlin.de<\/a> &#8211; Tajne Archiwum Pa\u0144stwowe Fundacji Pruskiego Dziedzictwa Kulturalnego z siedzib\u0105 w Berlinie<br \/>\n<\/span><\/li>\n<li><span class=\"text\" style=\"color: #002067; font-family: Verdana,Arial,Helvetica; font-size: small;\"> <a href=\"http:\/\/www.sbb.spk-berlin.de\" target=\"_new\">www.sbb.spk-berlin.de<\/a> &#8211; Staatsbibliothek Preu\u00dfischer Kulturbesitz zu Berlin<br \/>\n<\/span><\/li>\n<li><span class=\"text\" style=\"color: #002067; font-family: Verdana,Arial,Helvetica; font-size: small;\"> <a href=\"http:\/\/www.martin-opitz-bibliothek.de\/\" target=\"_new\">www.martin-opitz-bibliothek.de\/<\/a> &#8211; biblioteka Martina Opitza<br \/>\n<\/span><\/li>\n<li><span class=\"text\" style=\"color: #002067; font-family: Verdana,Arial,Helvetica; font-size: small;\"> <a href=\"http:\/\/www.herder-institut.de\/index.php?auswahl=aktuell&amp;lang=de\" target=\"_new\">www.herder-institut.de\/index.php?auswahl=aktuell&amp;lang=de<\/a> &#8211; Instytut Herdera w Marburgu<br \/>\n<\/span><\/li>\n<li><span class=\"text\" style=\"color: #002067; font-family: Verdana,Arial,Helvetica; font-size: small;\"> <a href=\"http:\/\/www.hdo.bayern.de\/\" target=\"_new\">www.hdo.bayern.de\/<\/a> &#8211; Dom Niemieckiego Wchodu<br \/>\n<\/span><\/li>\n<li><span class=\"text\" style=\"color: #002067; font-family: Verdana,Arial,Helvetica; font-size: small;\"> <a href=\"http:\/\/www.bkge.de\/\" target=\"_new\">www.bkge.de\/<\/a> &#8211; Federalny Instytut ds. Kultury i Historii Niemc\u00f3w w Europie \u015arodkowej i Wschodniej, Oldenburg<br \/>\n<\/span><\/li>\n<li><span class=\"text\" style=\"color: #002067; font-family: Verdana,Arial,Helvetica; font-size: small;\"> <a href=\"http:\/\/www.bundesarchiv.de\/\" target=\"_new\">www.bundesarchiv.de<\/a> &#8211; Archiwum Federalne<br \/>\n<\/span><\/li>\n<li><span class=\"text\" style=\"color: #002067; font-family: Verdana,Arial,Helvetica; font-size: small;\"> <a href=\"http:\/\/www.d-nb.de\/\" target=\"_new\">www.d-nb.de\/<\/a> &#8211; Biblioteka Niemiecka w Lipsku<br \/>\n<\/span><\/li>\n<li><span class=\"text\" style=\"color: #002067; font-family: Verdana,Arial,Helvetica; font-size: small;\"> <a href=\"http:\/\/www.rlb.de\/\" target=\"_new\">www.rlb.de<\/a> &#8211; Re\u0144ska Biblioteka Krajowa w Koblencji<\/span><\/li>\n<\/ul>\n<h1 style=\"text-align: left;\">Stowarzyszenia historyczne \/ muzea<\/h1>\n<ul style=\"text-align: left;\">\n<li><span class=\"text\" style=\"color: #002067; font-family: Verdana,Arial,Helvetica; font-size: small;\"><a href=\"http:\/\/www.hiko-schlesien.de\/\" target=\"_new\">www.hiko-schlesien.de\/<\/a> &#8211; Komisja Historyczna \u015al\u0105ska<br \/>\n<\/span><\/li>\n<li><span class=\"text\" style=\"color: #002067; font-family: Verdana,Arial,Helvetica; font-size: small;\"> <a href=\"http:\/\/www.verein-fuer-geschichte-schlesiens.eu\" target=\"_new\">www.verein-fuer-geschichte-schlesiens.eu<\/a> &#8211; Stowarzyszenie Historii \u015al\u0105ska<br \/>\n<\/span><\/li>\n<li><span class=\"text\" style=\"color: #002067; font-family: Verdana,Arial,Helvetica; font-size: small;\"><a href=\"http:\/\/www.kulturwerk-schlesien.de\/\" target=\"_new\">www.kulturwerk-schlesien.de\/<\/a> &#8211; Fundacja dla Kultury \u015al\u0105ska<br \/>\n<\/span><\/li>\n<li><span class=\"text\" style=\"color: #002067; font-family: Verdana,Arial,Helvetica; font-size: small;\"> <a href=\"http:\/\/www.schlesisches-museum.de\/\" target=\"_new\">www.schlesisches-museum.de<\/a> &#8211; Muzuem \u015al\u0105skie w G\u00f6rlitz<br \/>\n<\/span><\/li>\n<li><span class=\"text\" style=\"color: #002067; font-family: Verdana,Arial,Helvetica; font-size: small;\"> <a href=\"http:\/\/www.dhm.de\/\" target=\"_new\">www.dhm.de<\/a> &#8211; Niemieckie Muzeum Historyczne<br \/>\n<\/span><\/li>\n<li><span class=\"text\" style=\"color: #002067; font-family: Verdana,Arial,Helvetica; font-size: small;\"><a href=\"http:\/\/www.muzeumwsiopolskiej.pl\" target=\"_new\">www.muzeumwsiopolskiej.pl<\/a> &#8211; Muzeum Wsi Opolskiej w Bierkowicach<br \/>\n<\/span><\/li>\n<\/ul>\n<h1 style=\"text-align: left;\">Badania genealogiczne i kulturowe na \u015al\u0105sku<\/h1>\n<ul style=\"text-align: left;\">\n<li><span class=\"text\" style=\"color: #002067; font-family: Verdana,Arial,Helvetica; font-size: small;\"> <a href=\"http:\/\/www.genealogienetz.de\/\" target=\"_new\">www.genealogienetz.de<\/a> &#8211; Genealogie.Net<br \/>\n<\/span><\/li>\n<li><span class=\"text\" style=\"color: #002067; font-family: Verdana,Arial,Helvetica; font-size: small;\"> <a href=\"http:\/\/list.genealogy.net\/mailman\/listinfo\/oberschlesien-l\" target=\"_new\">list.genealogy.net\/mailman\/listinfo\/oberschlesien-l<\/a> &#8211; Lista G\u00f3rnego \u015al\u0105ska<br \/>\n<\/span><\/li>\n<li><span class=\"text\" style=\"color: #002067; font-family: Verdana,Arial,Helvetica; font-size: small;\"> <a href=\"http:\/\/www.ahnenforschung.net\" target=\"_new\">www.ahnenforschung.net<\/a> &#8211; Ahnenforschung.Net<br \/>\n<\/span><\/li>\n<li><span class=\"text\" style=\"color: #002067; font-family: Verdana,Arial,Helvetica; font-size: small;\"> <a href=\"http:\/\/www.familysearch.org\/Eng\/default.asp\" target=\"_new\">www.familysearch.org\/Eng\/default.asp<\/a> &#8211; Ko\u015bci\u00f3\u0142 Jezusa Chrystusa \u015awi\u0119tych w Dniach Ostatnich &#8211; Mormoni<br \/>\n<\/span><\/li>\n<li><span class=\"text\" style=\"color: #002067; font-family: Verdana,Arial,Helvetica; font-size: small;\"><a href=\"http:\/\/www.olawsky.de\" target=\"_new\">www.olawsky.de<\/a> &#8211; Gregor Olawsky &#8211; strona zawierajaca wskaz\u00f3wki i informacje dotycz\u0105ce bada\u0144 genealogicznych na G\u00f3rnym \u015al\u0105sku<br \/>\n<\/span><\/li>\n<li><span class=\"text\" style=\"color: #002067; font-family: Verdana,Arial,Helvetica; font-size: small;\"> <a href=\"http:\/\/www.kartenmeister.com\/\" target=\"_new\">www.kartenmeister.com<\/a> &#8211; Mapy \u015al\u0105ska<br \/>\n<\/span><\/li>\n<li><span class=\"text\" style=\"color: #002067; font-family: Verdana,Arial,Helvetica; font-size: small;\"> <a href=\"http:\/\/www.vogel-soya.de\/Kirchspiele_OS.html\" target=\"_new\">www.vogel-soya.de\/Kirchspiele_OS.html<\/a> &#8211; Katolickie i Ewangelickie Dni Muzyki Ko\u015bcielnej na G\u00f3rnym \u015al\u0105sku w XIX w.<br \/>\n<\/span><\/li>\n<li><span class=\"text\" style=\"color: #002067; font-family: Verdana,Arial,Helvetica; font-size: small;\"> <a href=\"http:\/\/www.genealogienetz.de\/reg\/SCI\/adressbuecher\/index.html\" target=\"_new\">www.genealogienetz.de\/reg\/SCI\/adressbuecher\/index.html<\/a> &#8211; Wykaz miejscowo\u015bci ze \u015bl\u0105skimi ksi\u0105\u017ckami adresowymi<br \/>\n<\/span><\/li>\n<li><span class=\"text\" style=\"color: #002067; font-family: Verdana,Arial,Helvetica; font-size: small;\"> <a href=\"http:\/\/www.gross-wartenberg.de\/ol1913\/hol1913.html\" target=\"_new\">www.gross-wartenberg.de\/ol1913\/hol1913.html<\/a> &#8211; \u015al\u0105ski spis miejscowo\u015bci z 1913 roku<br \/>\n<\/span><\/li>\n<li><span class=\"text\" style=\"color: #002067; font-family: Verdana,Arial,Helvetica; font-size: small;\"> <a href=\"http:\/\/www.denkmalprojekt.org\" target=\"_new\">www.denkmalprojekt.org<\/a> &#8211; Pomniki Pami\u0119ci Ofiar Wojen<br \/>\n<\/span><\/li>\n<li><span class=\"text\" style=\"color: #002067; font-family: Verdana,Arial,Helvetica; font-size: small;\"><a href=\"http:\/\/www.volksbund.de\/graebersuche.html\" target=\"_blank\" rel=\"noopener noreferrer\">www.volksbund.de\/graebersuche.html<\/a> &#8211; wyszukiwarka \u017co\u0142nierzy poleg\u0142ych na I i II wojnie \u015bwiatowej<\/span><\/li>\n<li><span class=\"text\" style=\"color: #002067; font-family: Verdana,Arial,Helvetica; font-size: small;\"><a href=\"http:\/\/www.unsere-ahnen.de\/\" target=\"_new\">www.unsere-ahnen.de\/<\/a> &#8211; Badania genealogiczne w Polsce<\/span><\/li>\n<li><span class=\"text\" style=\"color: #002067; font-family: Verdana,Arial,Helvetica; font-size: small;\"><a href=\"http:\/\/christoph.stoepel.net\/geogen.aspx\" target=\"_new\">christoph.stoepel.net\/geogen.aspx<\/a> &#8211; Wyst\u0119powanie nazwisk w Niemczech (stan obecny)<\/span><\/li>\n<li><span class=\"text\" style=\"color: #002067; font-family: Verdana,Arial,Helvetica; font-size: small;\"><a href=\"http:\/\/www.christoph-www.de\/ofb.html\">www.christoph-www.de\/ofb.html<\/a> &#8211; rejestr ksi\u0105g rodzinnych z terenu \u015al\u0105ska<br \/>\n<\/span><\/li>\n<\/ul>\n<h1 style=\"text-align: left;\">Genealodzy w okr\u0119gu prudnickim na G\u00f3rnym \u015al\u0105sku<span class=\"text\" style=\"color: #002067; font-family: Verdana,Arial,Helvetica; font-size: small;\"><br \/>\n<\/span><\/h1>\n<ul style=\"text-align: left;\">\n<li style=\"list-style-type: none;\">\n<ul>\n<li><span class=\"text\" style=\"color: #002067; font-family: Verdana,Arial,Helvetica; font-size: small;\"> <a href=\"http:\/\/freepages.genealogy.rootsweb.com\/%7Emandaley\/Silesian-index.html\" target=\"_new\">freepages.genealogy.rootsweb.com\/~mandaley\/Silesian-index.html<\/a>&#8211; Eleonore Crespo<br \/>\n<\/span><\/li>\n<li><span class=\"text\" style=\"color: #002067; font-family: Verdana,Arial,Helvetica; font-size: small;\"> <a href=\"http:\/\/www.boehmfamily.de\/ahnen\/index2.htm\" target=\"_new\">www.boehmfamily.de\/ahnen\/index2.htm<\/a> &#8211; Waldemar B\u00f6hm<br \/>\n<\/span><\/li>\n<li><span class=\"text\" style=\"color: #002067; font-family: Verdana,Arial,Helvetica; font-size: small;\"> <a href=\"http:\/\/www.familienforschung-koperlik.de\" target=\"_new\">www.familienforschung-koperlik.de<\/a> &#8211; Reinhard Koperlik<br \/>\n<\/span><\/li>\n<li><span class=\"text\" style=\"color: #002067; font-family: Verdana,Arial,Helvetica; font-size: small;\"><a href=\"http:\/\/www.kracke.org\" target=\"_new\">www.kracke.org<\/a> &#8211; Timo Kracke<br \/>\n<\/span><\/li>\n<li><span class=\"text\" style=\"color: #002067; font-family: Verdana,Arial,Helvetica; font-size: small;\"><a href=\"http:\/\/www.poremba.eu\" target=\"_new\">www.poremba.eu<\/a> &#8211; Frank Poremba<br \/>\n<\/span><\/li>\n<li><span class=\"text\" style=\"color: #002067; font-family: Verdana,Arial,Helvetica; font-size: small;\"><a href=\"http:\/\/www.trompetenfuzzi.de\/page1.html\" target=\"_new\">www.trompetenfuzzi.de\/page1.html<\/a> &#8211; Christoph Rinke<br \/>\n<\/span><\/li>\n<li><span class=\"text\" style=\"color: #002067; font-family: Verdana,Arial,Helvetica; font-size: small;\"> <a href=\"http:\/\/www.smarzly.de\/2.html\" target=\"_new\">www.smarzly.de\/2.html<\/a> &#8211; Andreas Smarzly<br \/>\n<\/span><\/li>\n<li><span class=\"text\" style=\"color: #002067; font-family: Verdana,Arial,Helvetica; font-size: small;\"> <a href=\"http:\/\/www.stoklossa.de\/ahnen\/\" target=\"_new\">www.stoklossa.de\/ahnen\/<\/a> &#8211; Thomas Stoklossa<br \/>\n<\/span><\/li>\n<li><span class=\"text\" style=\"color: #002067; font-family: Verdana,Arial,Helvetica; font-size: small;\"> <a href=\"http:\/\/www.professor-wrobel.de\" target=\"_new\">www.professor-wrobel.de<\/a> &#8211; Prof. Dr. Ralph M. Wrobel<br \/>\n<\/span><\/li>\n<li><span class=\"text\" style=\"color: #002067; font-family: Verdana,Arial,Helvetica; font-size: small;\"> <a href=\"http:\/\/www.zuefle.info\/\" target=\"_new\">www.zuefle.info\/<\/a> &#8211; Michael Z\u00fcfle<\/span><\/li>\n<\/ul>\n<\/li>\n<\/ul>\n<h1 style=\"text-align: left;\">Inne interesuj\u0105ce linki<span class=\"text\" style=\"color: #002067; font-family: Verdana,Arial,Helvetica; font-size: small;\"><br \/>\n<\/span><\/h1>\n<ul>\n<li>www.orf-oberschlesien.de<\/li>\n<li><span class=\"text\"><span class=\"text\" style=\"color: #002067; font-family: Verdana,Arial,Helvetica; font-size: small;\"><a href=\"http:\/\/polenjournal.de\">www.polenjournal.de<\/a> &#8211; Polenjournual<\/span><\/span><\/li>\n<\/ul>\n<p><\/p>","protected":false},"excerpt":{"rendered":"<p>Archiwa \/ Biblioteki www.sbc.org.pl\/dlibra &#8211; \u015al\u0105ska Biblioteka Cyfrowa www.ubka.uni-karlsruhe.de\/kvk.html &#8211; sprawdzanie zasob\u00f3w bibliotek\/baz danych w kraju i za granic\u0105 baza.archiwa.gov.pl\/sezam\/index.php &#8211; sprawdzanie zasob\u00f3w w polskich archiwach pa\u0144stwowych www.szukajwarchiwach.pl\/ \u2013 sprawdzanie zasob\u00f3w w polskich archiwach pa\u0144stwowych www.bu.uni.wroc.pl &#8211; Biblioteka Uniwersytecka we Wroc\u0142awiu www.ap.wroc.pl &#8211; Archiwum Pa\u0144stwowe we Wroc\u0142awiu www.gsta.spk-berlin.de &#8211; Tajne Archiwum Pa\u0144stwowe Fundacji Pruskiego Dziedzictwa &hellip; <a href=\"https:\/\/hkknos.eu\/pl\/links\/\" class=\"more-link\">Czytaj dalej <span class=\"screen-reader-text\">Linki<\/span><\/a><\/p>\n","protected":false},"author":2,"featured_media":0,"parent":0,"menu_order":90,"comment_status":"closed","ping_status":"open","template":"","meta":{"footnotes":""},"class_list":["post-35","page","type-page","status-publish","hentry"],"_links":{"self":[{"href":"https:\/\/hkknos.eu\/pl\/wp-json\/wp\/v2\/pages\/35","targetHints":{"allow":["GET"]}}],"collection":[{"href":"https:\/\/hkknos.eu\/pl\/wp-json\/wp\/v2\/pages"}],"about":[{"href":"https:\/\/hkknos.eu\/pl\/wp-json\/wp\/v2\/types\/page"}],"author":[{"embeddable":true,"href":"https:\/\/hkknos.eu\/pl\/wp-json\/wp\/v2\/users\/2"}],"replies":[{"embeddable":true,"href":"https:\/\/hkknos.eu\/pl\/wp-json\/wp\/v2\/comments?post=35"}],"version-history":[{"count":28,"href":"https:\/\/hkknos.eu\/pl\/wp-json\/wp\/v2\/pages\/35\/revisions"}],"predecessor-version":[{"id":897,"href":"https:\/\/hkknos.eu\/pl\/wp-json\/wp\/v2\/pages\/35\/revisions\/897"}],"wp:attachment":[{"href":"https:\/\/hkknos.eu\/pl\/wp-json\/wp\/v2\/media?parent=35"}],"curies":[{"name":"wp","href":"https:\/\/api.w.org\/{rel}","templated":true}]}}