{"id":309,"date":"2016-01-20T00:08:24","date_gmt":"2016-01-19T23:08:24","guid":{"rendered":"http:\/\/testpress.hkknos.org\/?page_id=309"},"modified":"2017-05-05T23:29:56","modified_gmt":"2017-05-05T21:29:56","slug":"nach-dem-zweiten-weltkrieg","status":"publish","type":"page","link":"https:\/\/hkknos.eu\/pl\/kreis-neustadtos\/nach-dem-zweiten-weltkrieg\/","title":{"rendered":"Po II wojnie \u015bwiatowej"},"content":{"rendered":"<p>POWIAT PRUDNICKI PO DRUGIEJ WOJNIE \u015aWIATOWEJ<\/p>\n<p>Andreas Smarzly<\/p>\n<p>Po przej\u0119ciu powiatu prudnickiego przez Armi\u0119 Czerwon\u0105 pod koniec marca 1945 r. i przekazaniu w\u0142adzy administracji polskiej du\u017ca cz\u0119\u015b\u0107 spo\u0142ecze\u0144stwa, przede wszystkim z teren\u00f3w zachodnich powiatu, zosta\u0142a wysiedlona a opuszczone miejscowo\u015bci zasiedlone przez obywateli polskich. Tereny wschodnie powiatu uchroni\u0142y si\u0119 przed wysiedleniem, miejscowa ludno\u015b\u0107 otrzyma\u0142a pozwolenie na pozostanie.<\/p>\n<p>Powiat prudnicki istnia\u0142 w swoich granicach sprzed 1945 roku do czasu du\u017cej reformy administracyjnej w 1975 roku, podczas kt\u00f3rej zlikwidowano w Polsce powiaty i utworzono wojew\u00f3dztwa. Dopiero reforma administracyjna z 01.01.1999 roku ponownie utworzy\u0142a powiat prudnicki. Podczas tej reformy jednak wiele miejscowo\u015bci we wschodniej cz\u0119\u015bci powiatu, w\u0142\u0105czonych do trzech gmin Krapkowice (Nowy Dw\u00f3r Prudnicki, K\u00f3rnica, \u015aciborowice, Borek, Pietna, Stebl\u00f3w), Strzeleczki (Strzeleczki, Smolarnia, Dziedzice, \u015acig\u00f3w, Rac\u0142awiczki, Moszna, Zielina, Kujawy, Dobra, \u0141owkowice, Komorniki, Pisarzowice, Warzy\u0144cowice) oraz Walce (Walce, Bro\u017cec, Grocholub, Kromo\u0142\u00f3w, \u0106wiercie, Zabierz\u00f3w, Rozkoch\u00f3w i Dobieszowice) zosta\u0142y przyznane nowopowsta\u0142emu powiatowi krapkowickiemu.<\/p>\n<p>Nowy powiat prudnicki posiada obecnie powierzchni\u0119 571 km2 i sk\u0142ada si\u0119 z czterech gmin: Prudnik (33.600 mieszka\u0144c\u00f3w), Lubrza (4.700 mieszka\u0144c\u00f3w), Bia\u0142a (12.515 mieszka\u0144c\u00f3w) i G\u0142og\u00f3wek (15.800 mieszka\u0144c\u00f3w). \u0141\u0105czna liczba mieszka\u0144c\u00f3w wynosi 66.615 (stan na 2003 r.).<\/p>\n<p>W pierwszych wolnych wyborach samorz\u0105dowych z 11.10.1998 r. mieszka\u0144cy powiatu prudnickiego do 30-osobowej rady powiatu wybrali 9 radnych nale\u017c\u0105cych do Mniejszo\u015bci Niemieckiej. Reprezentanci dw\u00f3ch najwi\u0119kszych partii politycznych w powiecie, AWS i SLD, otrzymali jedynie 6 miejsc, Mniejszo\u015b\u0107 Niemiecka z udzia\u0142em 30% nale\u017cy do najsilniejszej si\u0142y politycznej w nowopowsta\u0142ym powiecie. W powiecie krapkowickim, sk\u0142adaj\u0105cym si\u0119 z teren\u00f3w wschodnich historycznego powiatu prudnickiego, Mniejszo\u015b\u0107 Niemiecka otrzyma\u0142a 60% g\u0142os\u00f3w i sta\u0142a si\u0119 absolutn\u0105 wi\u0119kszo\u015bci\u0105.<\/p>\n<p>Podczas referendum o akcesji Polski do Unii Europejskiej z 4.06.2003 r., z 47.466 mieszka\u0144c\u00f3w powiatu prudnickiego uprawnionych do g\u0142osowania, przy frekwencji wynosz\u0105cej 54,58% (25.903 oddanych g\u0142os\u00f3w), 20.912 (81%) opowiedzia\u0142o si\u0119 za akcesj\u0105 Polski do Unii Europejskiej a 4779 (19%) by\u0142o przeciw. W gminach nale\u017c\u0105cych niegdy\u015b do powiatu prudnickiego, jak Krapkowice (90%), Strzeleczki (83%) i Walce (81%) 85% mieszka\u0144c\u00f3w opowiedzia\u0142o si\u0119 za przyst\u0105pieniem Polski do Unii Europejskiej.<\/p>","protected":false},"excerpt":{"rendered":"<p>POWIAT PRUDNICKI PO DRUGIEJ WOJNIE \u015aWIATOWEJ Andreas Smarzly Po przej\u0119ciu powiatu prudnickiego przez Armi\u0119 Czerwon\u0105 pod koniec marca 1945 r. i przekazaniu w\u0142adzy administracji polskiej du\u017ca cz\u0119\u015b\u0107 spo\u0142ecze\u0144stwa, przede wszystkim z teren\u00f3w zachodnich powiatu, zosta\u0142a wysiedlona a opuszczone miejscowo\u015bci zasiedlone przez obywateli polskich. Tereny wschodnie powiatu uchroni\u0142y si\u0119 przed wysiedleniem, miejscowa ludno\u015b\u0107 otrzyma\u0142a pozwolenie na &hellip; <a href=\"https:\/\/hkknos.eu\/pl\/kreis-neustadtos\/nach-dem-zweiten-weltkrieg\/\" class=\"more-link\">Czytaj dalej <span class=\"screen-reader-text\">Po II wojnie \u015bwiatowej<\/span><\/a><\/p>\n","protected":false},"author":2,"featured_media":0,"parent":51,"menu_order":4,"comment_status":"closed","ping_status":"closed","template":"","meta":{"footnotes":""},"class_list":["post-309","page","type-page","status-publish","hentry"],"_links":{"self":[{"href":"https:\/\/hkknos.eu\/pl\/wp-json\/wp\/v2\/pages\/309","targetHints":{"allow":["GET"]}}],"collection":[{"href":"https:\/\/hkknos.eu\/pl\/wp-json\/wp\/v2\/pages"}],"about":[{"href":"https:\/\/hkknos.eu\/pl\/wp-json\/wp\/v2\/types\/page"}],"author":[{"embeddable":true,"href":"https:\/\/hkknos.eu\/pl\/wp-json\/wp\/v2\/users\/2"}],"replies":[{"embeddable":true,"href":"https:\/\/hkknos.eu\/pl\/wp-json\/wp\/v2\/comments?post=309"}],"version-history":[{"count":4,"href":"https:\/\/hkknos.eu\/pl\/wp-json\/wp\/v2\/pages\/309\/revisions"}],"predecessor-version":[{"id":763,"href":"https:\/\/hkknos.eu\/pl\/wp-json\/wp\/v2\/pages\/309\/revisions\/763"}],"up":[{"embeddable":true,"href":"https:\/\/hkknos.eu\/pl\/wp-json\/wp\/v2\/pages\/51"}],"wp:attachment":[{"href":"https:\/\/hkknos.eu\/pl\/wp-json\/wp\/v2\/media?parent=309"}],"curies":[{"name":"wp","href":"https:\/\/api.w.org\/{rel}","templated":true}]}}