{"id":305,"date":"2016-01-20T00:07:52","date_gmt":"2016-01-19T23:07:52","guid":{"rendered":"http:\/\/testpress.hkknos.org\/?page_id=305"},"modified":"2016-06-24T18:11:15","modified_gmt":"2016-06-24T16:11:15","slug":"1890-2","status":"publish","type":"page","link":"https:\/\/hkknos.eu\/pl\/kreis-neustadtos\/1890-2\/","title":{"rendered":"1890"},"content":{"rendered":"<p>POWIAT PRUDNICKI Z PERSPEKTYWY ROKU 1890<\/p>\n<p>\u0179r\u00f3d\u0142o: Karl Schinke, <em>Geschichte des Kreises Neustadt Ob.-Schl.<\/em>, Verlag Franz Heinisch, Neustadt OS, 1890<\/p>\n<p>&nbsp;<\/p>\n<p>W\u0142a\u015bciwy powiat prudnicki nale\u017ca\u0142 pierwotnie do ksi\u0119stwa opolsko-niemodli\u0144skiego i stanowi\u0142 granic\u0119 z \u00f3wczesnymi Morawami. Podczas podzia\u0142u w roku 1318 przeszed\u0142 pod w\u0142adanie ksi\u0105\u017c\u0105t niemodli\u0144skich, jednak wraz ze schy\u0142kiem ich w\u0142adzy ponownie zosta\u0142 oddany ksi\u0105\u017c\u0119tom opolskim.<\/p>\n<p>Pod rz\u0105dami austriackimi w 1741 roku okr\u0119gi prudnicki, g\u0142og\u00f3wecki i bialski zosta\u0142y po\u0142\u0105czone w jeden powiat z siedzib\u0105 w Prudniku. Podczas nowej reformy administracyjnej dotycz\u0105cej kszta\u0142tu powiat\u00f3w: Kazimierz, Klisino, Szon\u00f3w, Biernat\u00f3w, Tomice i \u015aciborzyce Ma\u0142e przesz\u0142y do powiatu g\u0142ubczyckiego, a Obrowiec i Rozwadza do powiatu strzeleckiego, natomiast nale\u017c\u0105ca dotychczas do powiatu opolskiego wie\u015b Dobieszowice wraz z Ma\u0142kowicami przesz\u0142y do powiatu prudnickiego.<\/p>\n<p>By\u0142e Ksi\u0119stwo Opolskie sk\u0142ada\u0142o si\u0119 z nast\u0119puj\u0105cych miast: Opole, Gliwice, Prudnik (miasta bezpo\u015brednio podleg\u0142e kr\u00f3lowi) oraz 15 miast po\u015brednio podleg\u0142ych kr\u00f3lowi, tzw. miast prywatnych, jak: Krapkowice, Strzelce Opolskie, Bia\u0142a, Le\u015bnica, Olesno, Gorz\u00f3w \u015al\u0105ski, Lubliniec, Dobrodzie\u0144, Toszek, Pyskowice, So\u015bnicowice, Ko\u017ale, G\u0142og\u00f3wek, Niemodlin oraz Skorogoszcz, a tak\u017ce 6 osad targowych, jak: Pr\u00f3szk\u00f3w, Pilchowice, S\u0142awi\u0119cice, Strzeleczki, \u015acinawa i Korfant\u00f3w.<\/p>\n<p>Wcze\u015bniej miejscowo\u015bci te by\u0142y podzielone na 12 okr\u0119g\u00f3w, a ich obecne po\u0142\u0105czenie (stan na rok 1890) nast\u0105pi\u0142o po przej\u0119ciu teren\u00f3w przez Prusy. Na miejscu radcy od 1741 r. wyst\u0119powali uposa\u017ceni starostowie, co spowodowa\u0142o zniesienie stanowiska radcy w G\u0142og\u00f3wku i Bia\u0142ej a utworzenie starostwa. Powiat prudnicki liczy\u0142 w\u00f3wczas 14,56 mil kwadratowych i liczy\u0142 45.369 mieszka\u0144c\u00f3w. (&#8230;)<\/p>\n<p>Po spisie ludno\u015bci z 1861 r. powiat prudnicki liczy\u0142 80.101 mieszka\u0144c\u00f3w, z czego 73.073 os\u00f3b to katolicy, 6.304 ewangelicy, 723 os\u00f3b wyznania moj\u017ceszowego oraz 1 dysydent. Pod wzgl\u0119dem j\u0119zykowym 47.764 os\u00f3b m\u00f3wi\u0142o gwar\u0105 polsk\u0105, 32.316 niemieck\u0105, 15 morawsk\u0105 a 6 czesk\u0105. Z tej liczby 38.494 stanowili m\u0119\u017cczy\u017ani a 41.607 kobiety. (&#8230;)<\/p>\n<p>Mieszka\u0144cy powiatu (1890 r.) dziel\u0105 si\u0119 na dwie narodowo\u015bci: pochodzenia niemieckiego i polskiego, pos\u0142uguj\u0105ce si\u0119 dwoma r\u00f3\u017cnymi j\u0119zykami. J\u0119zyk niemiecki jest dominuj\u0105cy i w 3\/5 powiatu stanowi j\u0119zyk niezb\u0119dny do komunikacji. Granica j\u0119zyka polskiego przebiega przez miejscowo\u015bci \u015amicz, Pr\u0119\u017cyna, Olbrachcice, Browiniec Polski i Dzier\u017cys\u0142awice. Mimo to w wielu miejscowo\u015bciach m\u00f3wi si\u0119 w j\u0119zyku niemieckim. J\u0119zyk niemiecki u\u017cywany jest w Prudniku i \u015acinawie oraz okolicznych miejscowo\u015bciach.<\/p>\n<p>Powiat (w 1890 r.) liczy 95.456 mieszka\u0144c\u00f3w. Struktura wyznaniowa kszta\u0142tuje si\u0119 nast\u0119puj\u0105co: 89.392 to katolicy, 7.528 ewangelicy, 477 \u017bydzi a 59 to dysydenci. (&#8230;)<\/p>","protected":false},"excerpt":{"rendered":"<p>POWIAT PRUDNICKI Z PERSPEKTYWY ROKU 1890 \u0179r\u00f3d\u0142o: Karl Schinke, Geschichte des Kreises Neustadt Ob.-Schl., Verlag Franz Heinisch, Neustadt OS, 1890 &nbsp; W\u0142a\u015bciwy powiat prudnicki nale\u017ca\u0142 pierwotnie do ksi\u0119stwa opolsko-niemodli\u0144skiego i stanowi\u0142 granic\u0119 z \u00f3wczesnymi Morawami. Podczas podzia\u0142u w roku 1318 przeszed\u0142 pod w\u0142adanie ksi\u0105\u017c\u0105t niemodli\u0144skich, jednak wraz ze schy\u0142kiem ich w\u0142adzy ponownie zosta\u0142 oddany ksi\u0105\u017c\u0119tom &hellip; <a href=\"https:\/\/hkknos.eu\/pl\/kreis-neustadtos\/1890-2\/\" class=\"more-link\">Czytaj dalej <span class=\"screen-reader-text\">1890<\/span><\/a><\/p>\n","protected":false},"author":2,"featured_media":0,"parent":51,"menu_order":2,"comment_status":"closed","ping_status":"closed","template":"","meta":{"footnotes":""},"class_list":["post-305","page","type-page","status-publish","hentry"],"_links":{"self":[{"href":"https:\/\/hkknos.eu\/pl\/wp-json\/wp\/v2\/pages\/305","targetHints":{"allow":["GET"]}}],"collection":[{"href":"https:\/\/hkknos.eu\/pl\/wp-json\/wp\/v2\/pages"}],"about":[{"href":"https:\/\/hkknos.eu\/pl\/wp-json\/wp\/v2\/types\/page"}],"author":[{"embeddable":true,"href":"https:\/\/hkknos.eu\/pl\/wp-json\/wp\/v2\/users\/2"}],"replies":[{"embeddable":true,"href":"https:\/\/hkknos.eu\/pl\/wp-json\/wp\/v2\/comments?post=305"}],"version-history":[{"count":3,"href":"https:\/\/hkknos.eu\/pl\/wp-json\/wp\/v2\/pages\/305\/revisions"}],"predecessor-version":[{"id":495,"href":"https:\/\/hkknos.eu\/pl\/wp-json\/wp\/v2\/pages\/305\/revisions\/495"}],"up":[{"embeddable":true,"href":"https:\/\/hkknos.eu\/pl\/wp-json\/wp\/v2\/pages\/51"}],"wp:attachment":[{"href":"https:\/\/hkknos.eu\/pl\/wp-json\/wp\/v2\/media?parent=305"}],"curies":[{"name":"wp","href":"https:\/\/api.w.org\/{rel}","templated":true}]}}