{"id":18,"date":"2015-02-25T15:33:34","date_gmt":"2015-02-25T15:33:34","guid":{"rendered":"http:\/\/press.hkknos.org\/?page_id=18"},"modified":"2023-10-07T12:57:43","modified_gmt":"2023-10-07T10:57:43","slug":"die-historische-kommission","status":"publish","type":"page","link":"https:\/\/hkknos.eu\/pl\/die-historische-kommission\/","title":{"rendered":"Komisja Historyczna Powiatu Prudnickiego"},"content":{"rendered":"<p><img loading=\"lazy\" decoding=\"async\" class=\"alignleft wp-image-1602 size-large\" src=\"http:\/\/hkknos.eu\/wp-content\/uploads\/2022\/11\/PL2022Bruecke-1024x589.jpg\" alt=\"\" width=\"660\" height=\"380\" srcset=\"https:\/\/hkknos.eu\/wp-content\/uploads\/2022\/11\/PL2022Bruecke-1024x589.jpg 1024w, https:\/\/hkknos.eu\/wp-content\/uploads\/2022\/11\/PL2022Bruecke-300x173.jpg 300w, https:\/\/hkknos.eu\/wp-content\/uploads\/2022\/11\/PL2022Bruecke-768x442.jpg 768w, https:\/\/hkknos.eu\/wp-content\/uploads\/2022\/11\/PL2022Bruecke-1536x884.jpg 1536w, https:\/\/hkknos.eu\/wp-content\/uploads\/2022\/11\/PL2022Bruecke-2048x1179.jpg 2048w\" sizes=\"auto, (max-width: 660px) 100vw, 660px\" \/>Komisja Historyczna Powiatu Prudnickiego to zrzeszenie ludzi z Niemiec, Polski oraz kraj\u00f3w zachodnio-europejskich, jak i z Ameryki P\u00f3\u0142nocnej, zainteresowanych histori\u0105, folklorem oraz kultur\u0105 G\u00f3rnego \u015al\u0105ska, a przede wszystkim powiatu prudnickiego w jego historycznych granicach z okresu 1815-1945 (dzisiejsze gminy: Prudnik, Lubrza, Bia\u0142a, G\u0142og\u00f3wek oraz le\u017c\u0105ce obecnie w powiecie krapkowickim gminy: Strzeleczki, Walce i po\u0142udniowa cz\u0119\u015b\u0107 gminy Krapkowice).<\/p>\n<p>Cz\u0142onkowie zrzeszeni w Komisji Historycznej, to w wi\u0119kszo\u015bci historycy hobby\u015bci, badacze dziej\u00f3w ziemi prudnickiej, genealodzy badaj\u0105cy historie rod\u00f3w tej ziemi jak i zwolennicy ziemi prudnickiej, wspieraj\u0105cy przedsi\u0119wzi\u0119cia Komisji w r\u00f3\u017cny spos\u00f3b. Za zadanie postawili oni sobie m.in. badanie \u017ar\u00f3de\u0142 do historii tego rejonu, publikowanie wynik\u00f3w bada\u0144 lub pisanie kronik r\u00f3\u017cnych miejscowo\u015bci oraz ksi\u0105\u017cek jak i wypracowa\u0144 na temat historii powiatu prudnickiego. Koszty zwi\u0105zane z badaniem i publikacj\u0105 tych prac (ksi\u0105\u017cki, teksty, wypracowania) pokrywane zostaj\u0105 przy tym z bud\u017cetu Komisji.<\/p>\n<p>Opr\u00f3cz tego, Komisja Historyczna organizuje dla swych cz\u0142onk\u00f3w co dwa lata podr\u00f3\u017ce naukowe na \u015al\u0105sk i do przygranicznych rejon\u00f3w w Polsce, Czechach i Niemczech oraz do powiatu prudnickiego.<\/p>\n<p>Nieregularnie organizowane s\u0105 r\u00f3wnie\u017c referaty, prelekcje, cykle wyk\u0142ad\u00f3w, promocje nowych ksi\u0105\u017cek lub wystawy, zar\u00f3wno w Niemczech jak i w Polsce oraz podr\u00f3\u017ce cz\u0142onk\u00f3w do archiw\u00f3w we Wroc\u0142awiu, Opolu, Berlinie, Opawie, Katowicach itd. Dodatkowo zwi\u0105zek wydaje rocznie \u201eHistoryczny Ok\u00f3lnik\u201d, kt\u00f3rym informuje cz\u0142onk\u00f3w na ca\u0142ym \u015bwiecie o swojej aktualnej dzia\u0142alno\u015bci.<\/p>\n<p><em>TV &#8222;Schlesien Journal&#8221; przedstawia Komisj\u0119 Historyczn\u0105 podczas &#8222;Tygodnia historycznego&#8221; w powiecie prudnickim.<\/em><\/p>\n<p><iframe loading=\"lazy\" title=\"2022   HKKNOS   SchlesienJournal\" width=\"660\" height=\"371\" src=\"https:\/\/www.youtube.com\/embed\/aZMtN21elAU?feature=oembed\" frameborder=\"0\" allow=\"accelerometer; autoplay; clipboard-write; encrypted-media; gyroscope; picture-in-picture; web-share\" referrerpolicy=\"strict-origin-when-cross-origin\" allowfullscreen><\/iframe><\/p>\n<p>\u00a9 Schlesien Journal<\/p>\n<p>Komisja dzia\u0142a w j\u0119zykach niemieckim i polskim. Cz\u0142onkowie z miejscem zamieszkania w Polsce oraz studenci s\u0105 zwolnieni od p\u0142acenia sk\u0142adek cz\u0142onkowskich.<\/p>\n<p>Zapraszamy na stron\u0119 Komisji Historycznej Powiatu Prudnickiego. Mo\u017cna znale\u017a\u0107 tutaj sporo informacji historycznych i nie tylko, dotycz\u0105cych naszego Heimatu. Prosimy r\u00f3wnie\u017c o skontaktowanie si\u0119 z nami w sprawie ewentualnych pyta\u0144 lub ch\u0119ci podj\u0119cia z nami wsp\u00f3\u0142pracy.<\/p>","protected":false},"excerpt":{"rendered":"<p>Przepraszamy, ten wpis jak na razie jest dost\u0119pny tylko w j\u0119zyku Deutsch.<\/p>\n","protected":false},"author":2,"featured_media":0,"parent":0,"menu_order":1,"comment_status":"closed","ping_status":"closed","template":"","meta":{"footnotes":""},"class_list":["post-18","page","type-page","status-publish","hentry"],"_links":{"self":[{"href":"https:\/\/hkknos.eu\/pl\/wp-json\/wp\/v2\/pages\/18","targetHints":{"allow":["GET"]}}],"collection":[{"href":"https:\/\/hkknos.eu\/pl\/wp-json\/wp\/v2\/pages"}],"about":[{"href":"https:\/\/hkknos.eu\/pl\/wp-json\/wp\/v2\/types\/page"}],"author":[{"embeddable":true,"href":"https:\/\/hkknos.eu\/pl\/wp-json\/wp\/v2\/users\/2"}],"replies":[{"embeddable":true,"href":"https:\/\/hkknos.eu\/pl\/wp-json\/wp\/v2\/comments?post=18"}],"version-history":[{"count":6,"href":"https:\/\/hkknos.eu\/pl\/wp-json\/wp\/v2\/pages\/18\/revisions"}],"predecessor-version":[{"id":1651,"href":"https:\/\/hkknos.eu\/pl\/wp-json\/wp\/v2\/pages\/18\/revisions\/1651"}],"wp:attachment":[{"href":"https:\/\/hkknos.eu\/pl\/wp-json\/wp\/v2\/media?parent=18"}],"curies":[{"name":"wp","href":"https:\/\/api.w.org\/{rel}","templated":true}]}}