{"id":1547,"date":"2022-09-20T11:44:04","date_gmt":"2022-09-20T09:44:04","guid":{"rendered":"https:\/\/hkknos.eu\/?page_id=1547"},"modified":"2023-01-17T08:04:35","modified_gmt":"2023-01-17T07:04:35","slug":"monographien-sammelbaende","status":"publish","type":"page","link":"https:\/\/hkknos.eu\/pl\/monographien-sammelbaende\/","title":{"rendered":"Monografie i antologie"},"content":{"rendered":"<p><strong><em>Historische Kommission f\u00fcr den Kreis Neustadt\/OS (Hrsg.)<\/em><\/strong><\/p>\n<p><strong>Circulus Neostadiensis (Studien zur Geschichte des Kreises Neustadt\/OS \u2013 Studia z historii powiatu prudnickiego<\/strong><\/p>\n<p><img loading=\"lazy\" decoding=\"async\" class=\"alignleft wp-image-1554\" src=\"http:\/\/hkknos.eu\/wp-content\/uploads\/2022\/09\/cover_circulus_neostadiensis_1-208x300.jpg\" alt=\"\" width=\"250\" height=\"361\" srcset=\"https:\/\/hkknos.eu\/wp-content\/uploads\/2022\/09\/cover_circulus_neostadiensis_1-208x300.jpg 208w, https:\/\/hkknos.eu\/wp-content\/uploads\/2022\/09\/cover_circulus_neostadiensis_1.jpg 459w\" sizes=\"auto, (max-width: 250px) 100vw, 250px\" \/>Senfkornverlag G\u00f6rlitz 2022<\/p>\n<p>Dzieje historycznego powiatu prudnickiego na G\u00f3rnym \u015al\u0105sku s\u0105 r\u00f3\u017cnorodne i dlatego r\u00f3wnie\u017c dzisiaj pozostaj\u0105 przedmiotem bada\u0144 niemieckich i polskich historyk\u00f3w regionalnych. Komisja Historyczna Powiatu Prudnickiego \u0142\u0105czy te dzia\u0142ania i publikuje wyniki swoich bada\u0144 w pierwszej zbiorowej publikacji z serii. Niniejszy tom zawiera dziesi\u0119\u0107 esej\u00f3w &#8211; r\u00f3wnolegle opublikowanych w j\u0119zyku niemieckim i polskim &#8211; na temat reformacji i kontrreformacji, wojny i pokoju, miejsc historycznych oraz wybitnych ludzi i zawod\u00f3w z historycznego powiatu prudnickiego. W ten spos\u00f3b przedstawiono szerokie spektrum historii rozwoju tego g\u00f3rno\u015bl\u0105skiego regionu.<\/p>\n<p>Nast\u0119puj\u0105ce eseje zawarte s\u0105 w tomie 1:<\/p>\n<p>&#8211; Peter Ernst, Wyp\u0119dzenie szlachty ziemskiej wyznania ewangelickiego w nast\u0119pstwie kontrreformacji: przyk\u0142ady z p\u00f3\u017aniejszego powiatu prudnickiego<\/p>\n<p>&#8211; Ralph M. Wrobel, R\u00f3d Strzela von Dielaw auf M\u00fcllmen jako prekursorzy reformacji na ziemi g\u0142og\u00f3weckiej<\/p>\n<p>&#8211; G\u00fcnter Hauptstock, Jak G\u0142og\u00f3wek sta\u0142 si\u0119 miastem pruskim: kr\u00f3tka historia I wojny \u015bl\u0105skiej i jej nast\u0119pstw<\/p>\n<p>&#8211; Adam Lutogniewski, O garnizonie prudnickim<\/p>\n<p>&#8211; Kai Sauer, Powr\u00f3t wojny do ojczyzny: Rudziczka. Pocz\u0105tek 1945 r<\/p>\n<p>&#8211; Andreas M. Smarzly, Transformacja narodowo\u015bciowa ludno\u015bci niewysiedlonej z powiatu prudnickiego w pierwszych latach po zako\u0144czeniu II wojny \u015bwiatowej<\/p>\n<p>&#8211; Andrzej Dere\u0144, Pomniki \u015bwi\u0119tych Franciszka Ksawerego i Jana Nepomucena z Dolnego Mostu w Prudniku<\/p>\n<p>&#8211; Marcin Domino, G\u00f3ra, co j\u0105 \u201eKapliczn\u0105\u201d zwano<\/p>\n<p>&#8211; Andrea Smolarz, Pami\u0119tnik z misji franciszka\u0144skich w Brazylii o. Valerio Kirscha z K\u00f3rnicy<\/p>\n<p>&#8211; Aleksandra Starczewska-Wojnar, Hebamy jako stra\u017cniczki \u017cycia w powiecie prudnickim od XVIII do pocz\u0105tku XX wieku<\/p>\n<p>Ksi\u0105\u017ck\u0119 mo\u017cna zam\u00f3wi\u0107 ju\u017c teraz w zarz\u0105dzie w cenie EUR 20,00 plus koszty przesy\u0142ki pocztowej\/opakowania!<\/p>\n<p style=\"text-align: right;\"><button translate=\"no\" class=\"btg-button btg-button-3\" data-btnid=\"3\" data-url=\"https:\/\/hkknos.eu\/kontakt-impressum\/kontakt\/\" data-action=\"link\" data-target=\"_self\">Zam\u00f3wienie<span class=\"fab fa-wpforms btg-icon \"><\/span><\/button><\/p>\n<hr \/>\n<p><strong><em>Ralph M. Wrobel<\/em><\/strong><\/p>\n<p><strong>Das Pauliner Eremitenkloster zur Heiligen Dreifaltigkeit in Wiese sowie die Pfarrei und Krankenheilanstalt Wiese-Pauliner in Oberschlesien<\/strong><\/p>\n<p><img loading=\"lazy\" decoding=\"async\" class=\"alignleft wp-image-1566\" src=\"http:\/\/hkknos.eu\/wp-content\/uploads\/2022\/09\/cover_pauliner_eremitenkloster-200x300.png\" alt=\"\" width=\"250\" height=\"375\" srcset=\"https:\/\/hkknos.eu\/wp-content\/uploads\/2022\/09\/cover_pauliner_eremitenkloster-200x300.png 200w, https:\/\/hkknos.eu\/wp-content\/uploads\/2022\/09\/cover_pauliner_eremitenkloster-684x1024.png 684w, https:\/\/hkknos.eu\/wp-content\/uploads\/2022\/09\/cover_pauliner_eremitenkloster-768x1151.png 768w, https:\/\/hkknos.eu\/wp-content\/uploads\/2022\/09\/cover_pauliner_eremitenkloster.png 801w\" sizes=\"auto, (max-width: 250px) 100vw, 250px\" \/>Bergstadtverlag G\u00f6rlitz 2021<\/p>\n<p>Zakon Paulin\u00f3w przyby\u0142 pod koniec XIV wieku z W\u0119gier do Polski, sk\u0105d g\u00f3rno\u015bl\u0105ski ksi\u0105\u017c\u0119 W\u0142adys\u0142aw II Opolczyk za\u0142o\u017cy\u0142 s\u0142ynny klasztor w Cz\u0119stochowie. Mniej znana jest jednak informacja, \u017ce ten sam ksi\u0105\u017c\u0119 za\u0142o\u017cy\u0142 klasztor pauli\u0144ski \u201ena \u0142\u0105kach\u201d w Ksi\u0119stwie Opolskim w okolicy miasta G\u0142og\u00f3wek. Historia g\u00f3rno\u015bl\u0105skiego klasztoru obejmowa\u0142a okres od jego za\u0142o\u017cenia w 1388 roku do rozwi\u0105zania wskutek sekularyzacji w 1810 roku, jako parafii i szpitala obejmowa\u0142a okres znacznie d\u0142u\u017cszy. Od pocz\u0105tku XXI wieku klasztor znajduje si\u0119 ponownie w r\u0119kach zakonu pauli\u0144skiego.<\/p>\n<p>W ksi\u0105\u017cce kompleksowo przedstawiono histori\u0119 klasztoru pauli\u0144skiego w Mochowie oraz instytucje, kt\u00f3re powsta\u0142y na jego miejscu, jak parafia czy szpital w Mochowie-Pauliny. W mikrohistorycznej perspektywie zwr\u00f3cono uwag\u0119 na wewn\u0119trzne aspekty historii klasztoru. G\u0142\u00f3wny nacisk postawiono na badania nad wewn\u0119trznymi stosunkami klasztoru, pocz\u0105wszy od wyposa\u017cenia w \u015bredniowieczu, poprzez struktur\u0119 konwentu a\u017c do stosunk\u00f3w ziemskich i wsp\u00f3\u0142zale\u017cno\u015bci gospodarczych w okresie rozkwitu klasztoru w XVII i XVIII wieku. Dodatkowo przedstawiono, w jaki spos\u00f3b ko\u015bci\u00f3\u0142 i budynki klasztorne po rozwi\u0105zaniu klasz\u00actoru by\u0142y dalej wykorzystywane, a tak\u017ce, w jaki spos\u00f3b mo\u017cliwy by\u0142 powr\u00f3t mnich\u00f3w pauli\u0144skich. W ten spos\u00f3b przedstawiono kolorowy obraz historii codziennej G\u00f3rnego \u015al\u0105ska od p\u00f3\u017anego \u015brednio\u00acwiecza do XXI wieku.<\/p>\n<p style=\"text-align: right;\"><button translate=\"no\" class=\"btg-button btg-button-4\" data-btnid=\"4\" data-url=\"https:\/\/schlesische-schatztruhe.de\/Das-Pauliner-Eremitenkloster-zur-Heiligen-Dreifaltigkeit-in-Wiese\" data-action=\"link\" data-target=\"_self\">Zam\u00f3wienie<span class=\"fas fa-book btg-icon \"><\/span><\/button><\/p>\n<hr \/>\n<p><strong>Andreasa M. Smarzly<\/strong><\/p>\n<p><strong>Stulecie \u017cycia wiejskiego na G\u00f3rnym \u015al\u0105sku w obiektywie &#8211; Historyczne fotografie z K\u00f3rnicy<\/strong><\/p>\n<p><img loading=\"lazy\" decoding=\"async\" class=\"alignleft wp-image-952\" src=\"http:\/\/hkknos.eu\/wp-content\/uploads\/2018\/06\/COVER-K\u00d6RNITZ-1.bmp\" alt=\"\" width=\"250\" height=\"352\" \/>Ksi\u0105\u017cka zawiera wyb\u00f3r 620 historycznych zdj\u0119\u0107 z XX wieku. Jest ona podzielona na nast\u0119puj\u0105ce obszary tematyczne, z kt\u00f3rych ka\u017cdy poprzedza tekst obja\u015bniaj\u0105cy: Widok\u00f3wki wsi, Stroje ludowe \u2013 moda, Rodziny, Dzieci, Stacje \u017cycia (Komunia, Wesele, Pogrzeb), \u017bycie szkolne, Przedszkole, Nauczyciele i uczniowie, Wycieczki szkolne i imprezy, Praca, Czas wolny, Pi\u0142ka no\u017cna, Motoryzacja, Ko\u015bci\u00f3\u0142 i \u017cycie religijne, Ministranci, Ch\u00f3r ko\u015bcielny i orkiestra, W r\u00f3\u017cnych mundurach, W daleki \u015bwiat i za\u0142\u0105cznik \u201eIdentyfikacja os\u00f3b\u201c. Praca jest uzupe\u0142niona przez przedmow\u0119 pierwszego przewodnicz\u0105cego HKKNOS, Prof. dr Wrobla, kr\u00f3tki tekst pochodz\u0105cej z K\u00f3rnicy pisarki Anny Myszy\u0144skiej o historii fotografii, siedmio stronicowy tekst wprowadzaj\u0105cy i list\u0119 wszystkich nazwisk znajduj\u0105cych si\u0119 w ksi\u0105\u017cce.<\/p>\n<p>Ok\u0142adka: hardcover, format: DINA 4, papier: kreda, ilo\u015b\u0107 stron: 297, waga: 1.400 gr., wydawnictwo: Solpress Opole<\/p>\n<p><strong>Ksi\u0105\u017ck\u0119 mo\u017cna naby\u0107 w cenie 40,00 PLN w <a href=\"http:\/\/muzeum.glogowek.pl\/\">Muzeum Regionalnym w G\u0142og\u00f3wku, <\/a>w\u00a0<a href=\"http:\/\/www.spkornica.wodip.opole.pl\/\">Zespole Szkolno-Przedszkolny w K\u00f3rnicy<\/a> lub w cenie 10,00 Euro plus koszty przesy\u0142ki z Niemiec i opakowania pod adresem: <a href=\"mailto:ralph.wrobel@hkknos.de\"><u>ralph.wrobel@hkknos.de<\/u><\/a>\u00a0lub\u00a0<a title=\"\" href=\"mailto:andreas.smarzly@hkknos.de\"><u>andreas.smarzly@hkknos.de<\/u><\/a><\/strong><\/p>","protected":false},"excerpt":{"rendered":"<p>Historische Kommission f\u00fcr den Kreis Neustadt\/OS (Hrsg.) Circulus Neostadiensis (Studien zur Geschichte des Kreises Neustadt\/OS \u2013 Studia z historii powiatu prudnickiego Senfkornverlag G\u00f6rlitz 2022 Dzieje historycznego powiatu prudnickiego na G\u00f3rnym \u015al\u0105sku s\u0105 r\u00f3\u017cnorodne i dlatego r\u00f3wnie\u017c dzisiaj pozostaj\u0105 przedmiotem bada\u0144 niemieckich i polskich historyk\u00f3w regionalnych. Komisja Historyczna Powiatu Prudnickiego \u0142\u0105czy te dzia\u0142ania i publikuje wyniki &hellip; <a href=\"https:\/\/hkknos.eu\/pl\/monographien-sammelbaende\/\" class=\"more-link\">Czytaj dalej <span class=\"screen-reader-text\">Monografie i antologie<\/span><\/a><\/p>\n","protected":false},"author":2,"featured_media":0,"parent":0,"menu_order":0,"comment_status":"closed","ping_status":"closed","template":"","meta":{"footnotes":""},"class_list":["post-1547","page","type-page","status-publish","hentry"],"_links":{"self":[{"href":"https:\/\/hkknos.eu\/pl\/wp-json\/wp\/v2\/pages\/1547","targetHints":{"allow":["GET"]}}],"collection":[{"href":"https:\/\/hkknos.eu\/pl\/wp-json\/wp\/v2\/pages"}],"about":[{"href":"https:\/\/hkknos.eu\/pl\/wp-json\/wp\/v2\/types\/page"}],"author":[{"embeddable":true,"href":"https:\/\/hkknos.eu\/pl\/wp-json\/wp\/v2\/users\/2"}],"replies":[{"embeddable":true,"href":"https:\/\/hkknos.eu\/pl\/wp-json\/wp\/v2\/comments?post=1547"}],"version-history":[{"count":6,"href":"https:\/\/hkknos.eu\/pl\/wp-json\/wp\/v2\/pages\/1547\/revisions"}],"predecessor-version":[{"id":1644,"href":"https:\/\/hkknos.eu\/pl\/wp-json\/wp\/v2\/pages\/1547\/revisions\/1644"}],"wp:attachment":[{"href":"https:\/\/hkknos.eu\/pl\/wp-json\/wp\/v2\/media?parent=1547"}],"curies":[{"name":"wp","href":"https:\/\/api.w.org\/{rel}","templated":true}]}}