{"id":100,"date":"2015-03-13T17:34:54","date_gmt":"2015-03-13T16:34:54","guid":{"rendered":"http:\/\/press.hkknos.org\/?page_id=100"},"modified":"2018-08-04T14:48:19","modified_gmt":"2018-08-04T12:48:19","slug":"neustadt","status":"publish","type":"page","link":"https:\/\/hkknos.eu\/pl\/orte\/neustadt\/","title":{"rendered":"Prudnik"},"content":{"rendered":"<p><\/p>\n<p style=\"text-align: justify;\"><img loading=\"lazy\" decoding=\"async\" class=\"wp-image-94 size-full alignright\" src=\"http:\/\/hkknos.eu\/wp-content\/uploads\/2015\/02\/200px-POL_Prudnik_COA.svg_.png\" alt=\"200px-POL_Prudnik_COA.svg\" width=\"200\" height=\"302\" srcset=\"https:\/\/hkknos.eu\/wp-content\/uploads\/2015\/02\/200px-POL_Prudnik_COA.svg_.png 200w, https:\/\/hkknos.eu\/wp-content\/uploads\/2015\/02\/200px-POL_Prudnik_COA.svg_-199x300.png 199w\" sizes=\"auto, (max-width: 200px) 100vw, 200px\" \/>1302: Pierwsza wzmianka w dokumentach dotycz\u0105ca miasta Prudnik.<\/p>\n<p style=\"text-align: justify;\">1312: Zamek Wogendrossel (z j\u0119zyka niemieckiego Warownia Woka] wraz z miastem przechodz\u0105 na w\u0142asno\u015b\u0107 ksi\u0105\u017c\u0105t opolsko-niemodli\u0144skich.<\/p>\n<p style=\"text-align: justify;\">1321: Pierwsza wzmianka o katolickim ko\u015bciele parafialnym.<\/p>\n<p style=\"text-align: justify;\">1373: Po strasznej d\u017cumie jedynie jeden mieszkaniec (tudzie\u017c dw\u00f3ch) pozostaje przy \u017cyciu.<\/p>\n<p style=\"text-align: justify;\">1379: Pierwsza wzmianka o szkole elementarnej (podstawowej).<\/p>\n<p style=\"text-align: justify;\">1389: Ksi\u0105\u017c\u0119 W\u0142adys\u0142aw II Opolczyk ofiaruje miastu miejscowo\u015b\u0107 Chocim (D\u0119bowiec) wraz z wszelkimi dochodami opr\u00f3cz kar za nieumy\u015blne zab\u00f3jstwo oraz gwa\u0142ty, a tak\u017ce udziela pozwolenia na budow\u0119 folusza (wskazuje na obecno\u015b\u0107 sukiennik\u00f3w).<\/p>\n<p style=\"text-align: justify;\">1402: Miasto kupuje kilka p\u00f3l w okolicach Rudziczki.<\/p>\n<p style=\"text-align: justify;\">1404: Dytmar\u00f3w od\u0142\u0105cza si\u0119 od parafii Prudnik.<\/p>\n<p style=\"text-align: justify;\">Pomi\u0119dzy 1417-20: Okres licznych po\u017car\u00f3w w mie\u015bcie.<\/p>\n<p style=\"text-align: justify;\">1420: Ksi\u0105\u017c\u0119 Konrad potwierdza przywileje ksi\u0119cia W\u0142adys\u0142awa II z 1389 roku.<\/p>\n<p style=\"text-align: justify;\">1430: Bolko Opolski nadaje miastu na zasadzie dziedziczenia wie\u015b Nowy Chocim pozyskan\u0105 w nast\u0119pstwie prowadzonych wojen husyckich.<\/p>\n<p style=\"text-align: justify;\">1476: Pierwsza wzmianka o szpitalu dla m\u0119\u017cczyzn w okolicy Lazarusm\u00fchle.<\/p>\n<p style=\"text-align: justify;\">1506: Statut cechowy ksi\u0119cia Jana II Dobrego dla prudnickiego cechu obuwnik\u00f3w.<\/p>\n<p style=\"text-align: justify;\">1548: W Prudniku wymienia si\u0119 28 \u017byd\u00f3w (pierwsza wzmianka o gminie \u017cydowskiej ju\u017c z 1541 roku).<\/p>\n<p style=\"text-align: justify;\">1554: Umiera ostatni katolicki proboszcz przed rekatolicyzacj\u0105. Wszyscy mieszka\u0144cy s\u0105 w\u00f3wczas protestantami. Ko\u015bci\u00f3\u0142 parafialny staje si\u0119 ko\u015bcio\u0142em protestanckim.<\/p>\n<p style=\"text-align: justify;\">1555: Statut cechowy kr\u00f3lowej Izabeli, kr\u00f3lowej w\u0119gierskiej, dla prudnickiego cechu piekarzy.<\/p>\n<p style=\"text-align: justify;\">1556: Ewangelicy otrzymuj\u0105 ko\u015bci\u00f3\u0142 parafialny, miasto natomiast prawo patronatu.<\/p>\n<p style=\"text-align: justify;\">1561: Rada Miejska Prudnika sta\u0142a si\u0119 dzier\u017cawc\u0105 maj\u0105tku prudnickiego z wsiami Szybowice, Mieszkowice, W\u0142\u00f3kna, Rudziczka, Lubrza, Jasiona i Pokrzywna, a tak\u017ce poborc\u0105 c\u0142a miejskiego i dzier\u017cawc\u0105 wzg\u00f3rz i las\u00f3w Neudeck, Rosenau, Hausberg oraz Birkberg.<\/p>\n<p style=\"text-align: justify;\">1562: Wyp\u0119dzenie prudnickich \u017byd\u00f3w.<\/p>\n<p style=\"text-align: justify;\">1564: W Prudniku obecne s\u0105 cechy bednarzy, ku\u015bnierzy i tkaczy (uprawa lnu).<\/p>\n<p style=\"text-align: justify;\">1567: Cesarz Maksymilian udziela miastu prawa do u\u017cywania piecz\u0119ci odci\u015bni\u0119tej w czerwonym wosku.<\/p>\n<p style=\"text-align: justify;\">1570 (22.02.): Cesarz Maksymilian potwierdza zakup w\u00f3jtostwa, dworu Freihof (rodzaj dworu szlacheckiego niep\u0142ac\u0105cego podatk\u00f3w oraz niezobligowanego do spe\u0142niania obowi\u0105zk\u00f3w obywatelskich jak np. s\u0142u\u017cba wartownicza), \u0142a\u017ani, jatki i piekarni, kramu, m\u0142yna i ma\u0142ego lasu od Sebastiana Buttlera oraz Hansa Engelbrechta przez miasto Prudnik.<\/p>\n<p style=\"text-align: justify;\">1597: Statut cechowy cesarza Rudolfa dla cechu sukiennik\u00f3w w Prudniku.<\/p>\n<p style=\"text-align: justify;\">1598: Prudnik pozyskuje od barona Pr\u00f3szkowskiego wie\u015b Skrzypiec.<\/p>\n<p style=\"text-align: justify;\">1604: Prudnik pozyskuje od Ludmilly Czarowski wie\u015b Krzy\u017ckowice.<\/p>\n<p style=\"text-align: justify;\">1607: Skarbnica miejska zakupuje posiadane maj\u0105tki dzier\u017cawione i nale\u017c\u0105ce do by\u0142ego maj\u0105tku skarbowego, kt\u00f3ry w\u00f3wczas sk\u0142ada\u0142si\u0119 z nast\u0119puj\u0105cych wsi: Szybowice, Rudziczka, Lubrza, Jasiona i Pokrzywna, obejmuje c\u0142o miejskie, lasy i wzg\u00f3rza Neudeck, Rosenau, Hausberg i Burgberg. Zamek ma zosta\u0107 po\u0142\u0105czony z miastem, jednak cesarz zachowuje prawo w\u0142asno\u015bci. Przy tej okazji Prudnik otrzymuje powi\u0119kszenie herbu miasta.<\/p>\n<p style=\"text-align: justify;\">1610: Za\u0142o\u017cenie funduszu stypendialnego przez pastora Georga Fabriciusa.<\/p>\n<p style=\"text-align: justify;\">1624-1625: \u015amiertelna zaraza w Prudniku. Wi\u0119ksza cz\u0119\u015b\u0107 mieszka\u0144c\u00f3w umiera.<\/p>\n<p style=\"text-align: left;\"><img loading=\"lazy\" decoding=\"async\" class=\"aligncenter wp-image-119 size-full\" src=\"http:\/\/hkknos.eu\/wp-content\/uploads\/2015\/03\/neustadt_1629a.jpg\" alt=\"neustadt_1629a\" width=\"456\" height=\"249\" srcset=\"https:\/\/hkknos.eu\/wp-content\/uploads\/2015\/03\/neustadt_1629a.jpg 456w, https:\/\/hkknos.eu\/wp-content\/uploads\/2015\/03\/neustadt_1629a-300x164.jpg 300w\" sizes=\"auto, (max-width: 456px) 100vw, 456px\" \/><\/p>\n<p style=\"text-align: justify;\">1627 (01.07.): Wielki po\u017car w mie\u015bcie. Jedynie cztery domy w z\u0142ym stanie pozostaj\u0105 nienaruszone.<\/p>\n<p style=\"text-align: justify;\">1627: Spalony ko\u015bci\u00f3\u0142 parafialny zostaje zwr\u00f3cony katolikom.<\/p>\n<p style=\"text-align: justify;\">1629 (11.02.): Kapitan la Mordi si\u0142\u0105 realizuje dyspozycj\u0119 Starosty von Oppersdorffa z 1625 r., zgodnie z kt\u00f3r\u0105 ko\u015bci\u00f3\u0142 parafialny powinien zosta\u0107 zwr\u00f3cony katolikom i przekazany ksi\u0119\u017com katolickim.<\/p>\n<p style=\"text-align: justify;\">1653: Hrabia Georg Maximilian von Hoditz, starosta Ksi\u0119stwa opolsko-raciborskiego, pozyskuje ogr\u00f3d w pobli\u017cu wybudowanego przez protestant\u00f3w ko\u015bcio\u0142a pogrzebowego i ofiaruje go Kapucynom, kt\u00f3rzy buduj\u0105 w tym miejscu klasztor.<\/p>\n<p style=\"text-align: justify;\">1662: Na du\u017cej wie\u017cy prudnickiego ko\u015bcio\u0142a parafialnego p\u0119ka dzwon.<\/p>\n<p style=\"text-align: justify;\">1666: Pokrzywna zostaje przy\u0142\u0105czona do parafii Prudnik.<\/p>\n<p style=\"text-align: justify;\">1685: Ufundowanie figury Matki Bo\u017cej w p\u00f3\u0142nocnej cz\u0119\u015bci rynku.<\/p>\n<p style=\"text-align: justify;\">1696: Za\u0142o\u017cenie na rynku wodotrysku (tzw. <em>Wasserkunst<\/em>).<\/p>\n<p style=\"text-align: justify;\">1700: Pozyskanie d\u00f3br rycerskich Czy\u017cowice od hrabiego von Tenczin.<\/p>\n<p style=\"text-align: justify;\">1708: Prudnik otrzymuje na mocy specjalnego dekretu cesarskiego nazw\u0119 \u201cKr\u00f3lewskie Miasto Prudnik\u201c.<\/p>\n<p style=\"text-align: justify;\">1717: Pozyskanie d\u00f3br rycerskich Piorunkowice i cz\u0119\u015bci Rudziczki od hrabiego von Mettich.<\/p>\n<p style=\"text-align: justify;\">1727: W Prudniku utworzono manufaktur\u0119 p\u0142\u00f3tna. Cesarz przyznaje miastu przywilej pobierania c\u0142a oraz przywilej kwaterunku.<\/p>\n<p style=\"text-align: justify;\">1732-1736: Ponowna budowa ko\u015bcio\u0142a parafialnego.<\/p>\n<p style=\"text-align: justify;\">1733: Wzniesienie kolumny \u015bw. Jana i \u015bw. Nepomucena na po\u0142udniowej stronie rynku.<\/p>\n<p style=\"text-align: justify;\">1735 (08.08.): Po\u017car w mie\u015bcie. Ko\u015bci\u00f3\u0142 parafialny wraz z wie\u017cami, budynek probostwa oraz szko\u0142a, a tak\u017ce 91 budynk\u00f3w mieszkalnych ulegaj\u0105 spaleniu.<\/p>\n<p style=\"text-align: justify;\">1738 (29.09.): Uroczyste otwarcie nowo wybudowanego ko\u015bcio\u0142a parafialnego, kt\u00f3rego patronem zosta\u0142 \u015bw. Micha\u0142.<\/p>\n<p style=\"text-align: justify;\">1741: Prudnik jako cz\u0119\u015b\u0107 \u015al\u0105ska przechodzi w r\u0119ce pruskie.<\/p>\n<p style=\"text-align: justify;\">1742: Protestanci otrzymuj\u0105 pozwolenie na budow\u0119 w\u0142asnego ko\u015bcio\u0142a. Kr\u00f3l ofiaruje im zamek.<\/p>\n<p style=\"text-align: justify;\">1743: Pierwsza wzmianka o ewangelickim kaznodziei od czas\u00f3w rekatolicyzacji. Za\u0142o\u017cenie szko\u0142y ewangelickiej.<\/p>\n<p style=\"text-align: justify;\">1744 (13.12.): Prudnik zostaje spl\u0105drowany przez Austriak\u00f3w.<\/p>\n<p style=\"text-align: justify;\">1744: Utworzenie kaplicy na Kaplicznej G\u00f3rze.<\/p>\n<p style=\"text-align: justify;\">1750: Budowa hospicjum obok ko\u015bcio\u0142a na Kaplicznej G\u00f3rze przez radc\u0119 Weidingera.<\/p>\n<p style=\"text-align: justify;\">1764 (11.03.): Kr\u00f3l Fryderyk II udziela miastu zezwolenie na budow\u0119 klasztoru Zakonu Braci Mi\u0142osierdzia przy Bramie Nyskiej z izbami dla chorych.<\/p>\n<p style=\"text-align: justify;\">1779 (28.02.): Prudnik zostaje zaatakowany przez pu\u0142k austriacki pod dow\u00f3dztwem hrabiego Wallis. Rynek, szko\u0142a, kilka m\u0142yn\u00f3w, 184 domy w mie\u015bcie i 48 dom\u00f3w na przedmie\u015bciach ulegaj\u0105 zniszczeniu. Kr\u00f3l Fryderyk udziela miastu wsparcia w wysoko\u015bci 127.500 talar\u00f3w.<\/p>\n<p style=\"text-align: justify;\">1782: Odbudowa zniszczonego w 1779 roku ratusza wraz z wie\u017c\u0105.<\/p>\n<p style=\"text-align: justify;\">1806: Na G\u00f3rnym Przedmie\u015bciu pali si\u0119 45 budynk\u00f3w mieszkalnych oraz Zamek Woka (Wogendrossel).<\/p>\n<p style=\"text-align: justify;\">1812: Protestanci po sekularyzacji otrzymuj\u0105 ko\u015bci\u00f3\u0142 po klasztorze Kapucyn\u00f3w.<\/p>\n<p style=\"text-align: justify;\">1818: Przeniesienie siedziby starostwa z G\u0142og\u00f3wka do Prudnika.<\/p>\n<p style=\"text-align: justify;\">1820: Celem pokrycia zad\u0142u\u017cenia wojennego miasto sprzedaje dobra rycerskie Piorunkowice i Rudziczka.<\/p>\n<p style=\"text-align: justify;\">1832-34: Budowa szpitala miejskiego.<\/p>\n<p style=\"text-align: justify;\">1840 (04.03.): Ogie\u0144 na Dolnym Przedmie\u015bciu. 12 stod\u00f3\u0142 wraz z zapasami ulega spaleniu.<\/p>\n<p style=\"text-align: justify;\">1852: Po\u015bwi\u0119cenie klasztoru Franciszkan\u00f3w w po\u0142udniowej cz\u0119\u015bci miasta na Koziej G\u00f3rze.<\/p>\n<p style=\"text-align: justify;\">1853: Budowa szpitala miejskiego (dla ubogich) przy szpitalu \u0141azarza.<\/p>\n<p style=\"text-align: justify;\">1857: Utworzenie Katolickiego Stowarzyszenia Czeladnik\u00f3w.<\/p>\n<p style=\"text-align: justify;\">1860 (01.10.): Za\u0142o\u017cenie gimnazjum.<\/p>\n<p style=\"text-align: justify;\">1864 (22.12.): Uruchomienie miejskiego o\u015bwietlenia przez utworzon\u0105 miejsk\u0105 sp\u00f3\u0142k\u0119 gazownictwa.<\/p>\n<p style=\"text-align: justify;\">1863: Ponowna budowa probostwa.<\/p>\n<p style=\"text-align: justify;\">1866: 120 os\u00f3b umiera na epidemi\u0119 cholery.<\/p>\n<h2 style=\"text-align: left;\">Rozw\u00f3j struktur demograficznych<\/h2>\n<p style=\"text-align: left;\">Rok: liczba mieszka\u0144c\u00f3w<\/p>\n<ul>\n<li style=\"text-align: left;\">1667: 2558<\/li>\n<li style=\"text-align: left;\">1675: 2527<\/li>\n<li style=\"text-align: left;\">1754: 2905<\/li>\n<li style=\"text-align: left;\">1764: 2722<\/li>\n<li style=\"text-align: left;\">1774: 3048<\/li>\n<li style=\"text-align: left;\">1781: 3248<\/li>\n<li style=\"text-align: left;\">1784: 3326<\/li>\n<li style=\"text-align: left;\">1800: 3469<\/li>\n<li style=\"text-align: left;\">1820: 4046<\/li>\n<li style=\"text-align: left;\">1824: 4749<\/li>\n<li style=\"text-align: left;\">1830: 4939<\/li>\n<li style=\"text-align: left;\">1838: 5363<\/li>\n<li style=\"text-align: left;\">1868: 9735<\/li>\n<li style=\"text-align: left;\">1913: 18.856<\/li>\n<li style=\"text-align: left;\">1939: 17.371<\/li>\n<li style=\"text-align: left;\">2003: 26.400<\/li>\n<li style=\"text-align: left;\">2006: <span class=\"_Xbe kno-fv\">23.133<\/span><\/li>\n<\/ul>\n<p><\/p>","protected":false},"excerpt":{"rendered":"<p>1302: Pierwsza wzmianka w dokumentach dotycz\u0105ca miasta Prudnik. 1312: Zamek Wogendrossel (z j\u0119zyka niemieckiego Warownia Woka] wraz z miastem przechodz\u0105 na w\u0142asno\u015b\u0107 ksi\u0105\u017c\u0105t opolsko-niemodli\u0144skich. 1321: Pierwsza wzmianka o katolickim ko\u015bciele parafialnym. 1373: Po strasznej d\u017cumie jedynie jeden mieszkaniec (tudzie\u017c dw\u00f3ch) pozostaje przy \u017cyciu. 1379: Pierwsza wzmianka o szkole elementarnej (podstawowej). 1389: Ksi\u0105\u017c\u0119 W\u0142adys\u0142aw II Opolczyk &hellip; <a href=\"https:\/\/hkknos.eu\/pl\/orte\/neustadt\/\" class=\"more-link\">Czytaj dalej <span class=\"screen-reader-text\">Prudnik<\/span><\/a><\/p>\n","protected":false},"author":2,"featured_media":0,"parent":97,"menu_order":1,"comment_status":"closed","ping_status":"closed","template":"","meta":{"footnotes":""},"class_list":["post-100","page","type-page","status-publish","hentry"],"_links":{"self":[{"href":"https:\/\/hkknos.eu\/pl\/wp-json\/wp\/v2\/pages\/100","targetHints":{"allow":["GET"]}}],"collection":[{"href":"https:\/\/hkknos.eu\/pl\/wp-json\/wp\/v2\/pages"}],"about":[{"href":"https:\/\/hkknos.eu\/pl\/wp-json\/wp\/v2\/types\/page"}],"author":[{"embeddable":true,"href":"https:\/\/hkknos.eu\/pl\/wp-json\/wp\/v2\/users\/2"}],"replies":[{"embeddable":true,"href":"https:\/\/hkknos.eu\/pl\/wp-json\/wp\/v2\/comments?post=100"}],"version-history":[{"count":14,"href":"https:\/\/hkknos.eu\/pl\/wp-json\/wp\/v2\/pages\/100\/revisions"}],"predecessor-version":[{"id":1006,"href":"https:\/\/hkknos.eu\/pl\/wp-json\/wp\/v2\/pages\/100\/revisions\/1006"}],"up":[{"embeddable":true,"href":"https:\/\/hkknos.eu\/pl\/wp-json\/wp\/v2\/pages\/97"}],"wp:attachment":[{"href":"https:\/\/hkknos.eu\/pl\/wp-json\/wp\/v2\/media?parent=100"}],"curies":[{"name":"wp","href":"https:\/\/api.w.org\/{rel}","templated":true}]}}